{"id":817,"date":"2020-06-08T16:02:32","date_gmt":"2020-06-08T14:02:32","guid":{"rendered":"https:\/\/www.ebgline.com\/?page_id=817"},"modified":"2020-06-15T17:13:38","modified_gmt":"2020-06-15T15:13:38","slug":"oel-und-trockendrosseln","status":"publish","type":"page","link":"https:\/\/www.ebgline.com\/de\/fertigung\/oel-und-trockendrosseln\/","title":{"rendered":"\u00d6l- und Trockendrosseln"},"content":{"rendered":"[vc_row][vc_column][vc_single_image image=&#8220;1165&#8243; img_size=&#8220;820X312&#8243; alignment=&#8220;center&#8220; style=&#8220;vc_box_rounded&#8220;][\/vc_column][\/vc_row][vc_row][vc_column][vc_column_text]\n<h2 style=\"text-align: center;\">\u00d6l- und Trockendrosseln<\/h2>\n<p>EBG Srl ist auch in der Herstellung von Trocken- und Gie\u00dfharzdrosseln in der Klasse F oder H und \u00d6ldrosseln zur Innen- und Au\u00dfenanwendungen bis 5000 A\/52 kV spezialisiert. F\u00fcr die Au\u00dfenanwendung sind wir in Lage, die Drosselspulen mit speziellem Gie\u00dfharz und Sonderlack gegen UV-Strahlen anzubieten und somit kann die Drosselspule ohne Schutzgeh\u00e4use betrieben werden.<\/p>\n<p><u>STROMBEGRENZUNGS- UND KURZSCHLUSS-DROSSELSPULEN<\/u><br \/>\nDie Strombegrenzungsdrosselspulen haben zum Vorsatz die Begrenzung des Stroms im Netz. Meistens werden sie eingesetzt, um die bei den von den Sicherungen zugelassenen Werten St\u00f6rungsstr\u00f6me zu begrenzen. Sie sind serienm\u00e4\u00dfig am Netz angeschlossen.\u00a0 Es handelt sich um einphasige Spulen ohne Kern, die dreiphasig angeschlossen werden. Die Drosseln k\u00f6nnen auch aufeinander aufgestellt bzw. einzeln geliefert werden. Im letzten Fall k\u00f6nnen die einzelnen Spulen dreiphasig angeschlossen werden.<\/p>\n<p><u>DROSSELN ALS NULLEITER-BILDNER<\/u><br \/>\nDie Drosselspulen zum Einsatz als Neutralpunkt werden als \u00d6ldrosseln angeboten. Sie sind mit einem dreiphasigen Kern mit einer ZIG-ZAG Wicklung ausgestattet.\u00a0 Diese Drosselspulen haben die Aufgabe, einen falschen Neutralpunkt zu bilden, der direkt bzw. durch einen Widerstand geerdet wird. Die Drosselspulen zum Einsatz als Neutralpunkt werden in der Ableitung des Hauptnetzes angeschlossen.<\/p>\n<p><u>FILTERDROSSELSPULEN<\/u><br \/>\nEs handelt sich um einphasige bzw. dreiphasige Drosselspulen, die den Oberwellengehalt im Netz bzw. in Anlagen mit starken Spannungsst\u00f6rungen begrenzen. Die Filterdrosselspulen werden serienm\u00e4\u00dfig bzw. parallel sowohl an der US- bzw. OS- Seite an Kondensatoren angeschlossen.<\/p>\n<p><u>SHUNT-DROSSELSPULEN<\/u><br \/>\nDie Shunt-Drosselspulen kompensieren die Kapazit\u00e4t der langen \u00dcbertragungsleitungen und vermeiden den Spannungsaufstieg am Ende derselben Leitung. Die Shunt-Drosseln werden in Ableitung zu der Hauptlinie angeschlossen.<\/p>\n<p><u>RICHTSPULEN<\/u><br \/>\nDie Richtspulen werden serienm\u00e4\u00dfig an die DC Leitung angeschlossen, in der zahlreiche Oberwellen anwesend sind, die neutralisiert werden m\u00fcssen. Die Richtspulen sind \u00fcblicherweise einphasig.<\/p>\n<p><u>ENTKOPPLUNGSDROSSELSPULEN<\/u><br \/>\nDiese Drosselspulen werden serienm\u00e4\u00dfig an Kondensatoren angeschlossen, um die Resonanzfrequenz zu begrenzen, die f\u00fcr den Betrieb von denselben Kondensatoren gef\u00e4hrlich sein k\u00f6nnte.[\/vc_column_text][vc_row_inner][vc_column_inner width=&#8220;1\/2&#8243;][vc_gallery interval=&#8220;5&#8243; images=&#8220;1171,1174,1177&#8243; img_size=&#8220;1600X900&#8243;][\/vc_column_inner][vc_column_inner width=&#8220;1\/2&#8243;][vc_gallery interval=&#8220;5&#8243; images=&#8220;1189,1180,1186,1183,1192&#8243; img_size=&#8220;1600X900&#8243;][\/vc_column_inner][\/vc_row_inner][\/vc_column][\/vc_row]\n","protected":false},"excerpt":{"rendered":"<p>[vc_row][vc_column][vc_single_image image=&#8220;1165&#8243; img_size=&#8220;820X312&#8243; alignment=&#8220;center&#8220; style=&#8220;vc_box_rounded&#8220;][\/vc_column][\/vc_row][vc_row][vc_column][vc_column_text]<br \/>\n\u00d6l- und Trockendrosseln<br \/>\nEBG Srl ist auch in der Herstellung von Trocken- und Gie\u00dfharzdrosseln in der Klasse F oder H und \u00d6ldrosseln zur Innen- und Au\u00dfenanwendungen bis 5000 A\/52 kV spezialisiert. F\u00fcr die Au\u00dfenanwendung sind wir in Lage, die Drosselspulen mit speziellem Gie\u00dfharz und Sonderlack gegen UV-Strahlen anzubieten und somit kann die Drosselspule ohne Schutzgeh\u00e4use betrieben werden.<br \/>\nSTROMBEGRENZUNGS- UND KURZSCHLUSS-DROSSELSPULEN<br \/>\nDie Strombegrenzungsdrosselspulen haben zum Vorsatz die Begrenzung des Stroms im Netz. Meistens werden sie eingesetzt, &#8230;<\/p>\n","protected":false},"author":4,"featured_media":0,"parent":400,"menu_order":1,"comment_status":"closed","ping_status":"closed","template":"template-full-width.php","meta":{"_bbp_topic_count":0,"_bbp_reply_count":0,"_bbp_total_topic_count":0,"_bbp_total_reply_count":0,"_bbp_voice_count":0,"_bbp_anonymous_reply_count":0,"_bbp_topic_count_hidden":0,"_bbp_reply_count_hidden":0,"_bbp_forum_subforum_count":0,"footnotes":""},"class_list":["post-817","page","type-page","status-publish","hentry"],"_links":{"self":[{"href":"https:\/\/www.ebgline.com\/de\/wp-json\/wp\/v2\/pages\/817","targetHints":{"allow":["GET"]}}],"collection":[{"href":"https:\/\/www.ebgline.com\/de\/wp-json\/wp\/v2\/pages"}],"about":[{"href":"https:\/\/www.ebgline.com\/de\/wp-json\/wp\/v2\/types\/page"}],"author":[{"embeddable":true,"href":"https:\/\/www.ebgline.com\/de\/wp-json\/wp\/v2\/users\/4"}],"replies":[{"embeddable":true,"href":"https:\/\/www.ebgline.com\/de\/wp-json\/wp\/v2\/comments?post=817"}],"version-history":[{"count":2,"href":"https:\/\/www.ebgline.com\/de\/wp-json\/wp\/v2\/pages\/817\/revisions"}],"predecessor-version":[{"id":1195,"href":"https:\/\/www.ebgline.com\/de\/wp-json\/wp\/v2\/pages\/817\/revisions\/1195"}],"up":[{"embeddable":true,"href":"https:\/\/www.ebgline.com\/de\/wp-json\/wp\/v2\/pages\/400"}],"wp:attachment":[{"href":"https:\/\/www.ebgline.com\/de\/wp-json\/wp\/v2\/media?parent=817"}],"curies":[{"name":"wp","href":"https:\/\/api.w.org\/{rel}","templated":true}]}}