{"id":813,"date":"2020-06-08T15:49:15","date_gmt":"2020-06-08T13:49:15","guid":{"rendered":"https:\/\/www.ebgline.com\/?page_id=813"},"modified":"2020-06-15T17:26:23","modified_gmt":"2020-06-15T15:26:23","slug":"oelwannen","status":"publish","type":"page","link":"https:\/\/www.ebgline.com\/de\/fertigung\/oelwannen\/","title":{"rendered":"\u00d6lwannen"},"content":{"rendered":"[vc_row][vc_column][vc_column_text]\n<h2 style=\"text-align: center;\">\u00d6lwannen<\/h2>\n<p>Ein neues Produkt aus der Metallfertigung ist die \u00d6lauffangwanne f\u00fcr Transformatoren. F\u00fcr einige Installationen, bei denen der \u00d6ltransformator keine Auffangwanne zum Umweltschutz eingebaut hat, hat EBG eine extrem flexible und leicht anwendbare L\u00f6sung entwickelt. Die \u00d6lauffangwanne kann aus gebeiztem und anschlie\u00dfend zum Schutz feuerverzinktem Blech, aus rostfreiem Edelstahl oder aus mit Polyesterprodukten lackiertem Aluminium hergestellt werden.<\/p>\n<p>Die Witterungs- und Umgebungsbest\u00e4ndigkeit sind hoch zuverl\u00e4ssig. Die \u00d6lauffangwanne aus der Produktion EBG, kann nach Angaben des Kunden einen Zugang auf der langen Seite oder auf der kurzen Seite haben. Sie hat innen eine Schiene, auf die der Transformator l\u00e4uft und ein abnehmbares Kit au\u00dfen, mit dem der Transformator in die \u00d6lauffangwanne gesetzt werden kann, ohne dass er angehoben werden muss. Die Dichtheit der \u00d6lauffangwanne wird durch eine Dichtung aus Kork-Gummi garantiert. Die \u00d6lauffangwanne wurde gem\u00e4\u00df der Philosophie entwickelt, welche das Unternehmen bei jeder Innovation leitet, dem Kunden ein Produkt, das die spezifischen Anforderungen erf\u00fcllt, aber vor allem ein komplettes Paket zu liefern.<\/p>\n<p>Zurzeit bietet EBG sieben \u00d6lauffangwannentypen mit den beiden Varianten f\u00fcr den Einsatz des Transformators an. Das gesamte Leistungssortiment von 100 kVA bis 3150 kVA wird abgedeckt, aber auch f\u00fcr Leistungen dar\u00fcber k\u00f6nnen ad hoc L\u00f6sungen entwickelt werden. F\u00fcr den Versand wird die \u00d6lauffangwanne so verpackt, dass der Platzbedarf optimiert und der Schutz garantiert sind.<\/p>\n<p>Die von EBG hergestellte \u00d6lauffangwanne wurde vom T\u00dcV zertifiziert um dem Kunden eine zus\u00e4tzliche Garantie anbieten zu k\u00f6nnen.[\/vc_column_text][vc_row_inner][vc_column_inner width=&#8220;1\/2&#8243;][vc_single_image image=&#8220;1201&#8243; img_size=&#8220;1600&#215;900&#8243;][\/vc_column_inner][vc_column_inner width=&#8220;1\/2&#8243;][vc_single_image image=&#8220;1198&#8243; img_size=&#8220;1600&#215;900&#8243;][\/vc_column_inner][\/vc_row_inner][\/vc_column][\/vc_row]\n","protected":false},"excerpt":{"rendered":"<p>[vc_row][vc_column][vc_column_text]<br \/>\n\u00d6lwannen<br \/>\nEin neues Produkt aus der Metallfertigung ist die \u00d6lauffangwanne f\u00fcr Transformatoren. F\u00fcr einige Installationen, bei denen der \u00d6ltransformator keine Auffangwanne zum Umweltschutz eingebaut hat, hat EBG eine extrem flexible und leicht anwendbare L\u00f6sung entwickelt. Die \u00d6lauffangwanne kann aus gebeiztem und anschlie\u00dfend zum Schutz feuerverzinktem Blech, aus rostfreiem Edelstahl oder aus mit Polyesterprodukten lackiertem Aluminium hergestellt werden.<br \/>\nDie Witterungs- und Umgebungsbest\u00e4ndigkeit sind hoch zuverl\u00e4ssig. Die \u00d6lauffangwanne aus der Produktion EBG, kann nach Angaben des Kunden einen Zugang auf der &#8230;<\/p>\n","protected":false},"author":4,"featured_media":0,"parent":400,"menu_order":0,"comment_status":"closed","ping_status":"closed","template":"template-full-width.php","meta":{"_bbp_topic_count":0,"_bbp_reply_count":0,"_bbp_total_topic_count":0,"_bbp_total_reply_count":0,"_bbp_voice_count":0,"_bbp_anonymous_reply_count":0,"_bbp_topic_count_hidden":0,"_bbp_reply_count_hidden":0,"_bbp_forum_subforum_count":0,"footnotes":""},"class_list":["post-813","page","type-page","status-publish","hentry"],"_links":{"self":[{"href":"https:\/\/www.ebgline.com\/de\/wp-json\/wp\/v2\/pages\/813","targetHints":{"allow":["GET"]}}],"collection":[{"href":"https:\/\/www.ebgline.com\/de\/wp-json\/wp\/v2\/pages"}],"about":[{"href":"https:\/\/www.ebgline.com\/de\/wp-json\/wp\/v2\/types\/page"}],"author":[{"embeddable":true,"href":"https:\/\/www.ebgline.com\/de\/wp-json\/wp\/v2\/users\/4"}],"replies":[{"embeddable":true,"href":"https:\/\/www.ebgline.com\/de\/wp-json\/wp\/v2\/comments?post=813"}],"version-history":[{"count":2,"href":"https:\/\/www.ebgline.com\/de\/wp-json\/wp\/v2\/pages\/813\/revisions"}],"predecessor-version":[{"id":1204,"href":"https:\/\/www.ebgline.com\/de\/wp-json\/wp\/v2\/pages\/813\/revisions\/1204"}],"up":[{"embeddable":true,"href":"https:\/\/www.ebgline.com\/de\/wp-json\/wp\/v2\/pages\/400"}],"wp:attachment":[{"href":"https:\/\/www.ebgline.com\/de\/wp-json\/wp\/v2\/media?parent=813"}],"curies":[{"name":"wp","href":"https:\/\/api.w.org\/{rel}","templated":true}]}}