{"id":408,"date":"2018-03-15T10:28:51","date_gmt":"2018-03-15T09:28:51","guid":{"rendered":"https:\/\/demo.infovi.digital\/ebg\/fertigung\/accessori\/"},"modified":"2020-06-16T11:58:16","modified_gmt":"2020-06-16T09:58:16","slug":"zubehor","status":"publish","type":"page","link":"https:\/\/www.ebgline.com\/de\/fertigung\/zubehor\/","title":{"rendered":"Zubeh\u00f6r"},"content":{"rendered":"[vc_row][vc_column][vc_column_text]\n<h3 style=\"text-align: center;\">EBG liefert ein breitgef\u00e4chertes Zubeh\u00f6rsortiment f\u00fcr \u00d6l-, Gie\u00dfharz- und Lufttransformatoren. Auf Wunsch des Kunden k\u00f6nnen individuelle L\u00f6sungen entwickelt werden.<\/h3>\n[\/vc_column_text][\/vc_column][\/vc_row][vc_row][vc_column][vc_column_text]\n<div class=\"one_half\">\n<div id=\"tab-\" class=\"tab-box\">\n<h4>Zubeh\u00f6r f\u00fcr \u00d6ltransformatoren<\/h4>\n<ul>\n<li>Auffangwannen f\u00fcr \u00d6ltransformatoren<\/li>\n<li>Thermometer mit zwei elektrischen Kontakten<\/li>\n<li>Buchholz-Relais<\/li>\n<li>DGPT2 oder RIS (f\u00fcr hermetisch abgedichtete Transformatoren)<\/li>\n<li>Explosionsschutzventil<\/li>\n<li>Elastimold-Anschl\u00fcsse<\/li>\n<li>Durchf\u00fchrungen f\u00fcr NS<\/li>\n<li>Anschl\u00fcsse f\u00fcr den Filter der Anzapfung<\/li>\n<li>Sonstiges Zubeh\u00f6r auf Anfrage<\/li>\n<\/ul>\n<\/div>\n<\/div>\n<div class=\"one_half_last\">\n<div id=\"tab-1\" class=\"tab-box\">\n<h4>Zubeh\u00f6r f\u00fcr Gie\u00dfharztransformatoren<\/h4>\n<ul>\n<li>Schutzgeh\u00e4usen von IP20 bis IP54<\/li>\n<li>Tangentialventilator f\u00fcr alle Leistungen von 900 m\u00b3\/h bis 7200 m\u00b3\/h<\/li>\n<li>Vibrationsschutz f\u00fcr die R\u00e4der<\/li>\n<li>Temperatursteuerger\u00e4t f\u00fcr PTC- und PT100-Sonden<\/li>\n<li>Thermometer mit 2 oder mehr elektrischen Kontakten<\/li>\n<li>Elastimold von 250 \/ 400 Ampere<\/li>\n<li>Sonstiges Zubeh\u00f6r auf Anfrage<\/li>\n<\/ul>\n<\/div>\n<\/div>\n[\/vc_column_text][\/vc_column][\/vc_row]\n","protected":false},"excerpt":{"rendered":"<p>[vc_row][vc_column][vc_column_text]<br \/>\nEBG liefert ein breitgef\u00e4chertes Zubeh\u00f6rsortiment f\u00fcr \u00d6l-, Gie\u00dfharz- und Lufttransformatoren. Auf Wunsch des Kunden k\u00f6nnen individuelle L\u00f6sungen entwickelt werden.<br \/>\n[\/vc_column_text][\/vc_column][\/vc_row][vc_row][vc_column][vc_column_text]<\/p>\n<p>\nZubeh\u00f6r f\u00fcr \u00d6ltransformatoren<\/p>\n<p>Auffangwannen f\u00fcr \u00d6ltransformatoren<br \/>\nThermometer mit zwei elektrischen Kontakten<br \/>\nBuchholz-Relais<br \/>\nDGPT2 oder RIS (f\u00fcr hermetisch abgedichtete Transformatoren)<br \/>\nExplosionsschutzventil<br \/>\nElastimold-Anschl\u00fcsse<br \/>\nDurchf\u00fchrungen f\u00fcr NS<br \/>\nAnschl\u00fcsse f\u00fcr den Filter der Anzapfung<br \/>\nSonstiges Zubeh\u00f6r auf Anfrage<\/p>\n<p>Zubeh\u00f6r f\u00fcr Gie\u00dfharztransformatoren<\/p>\n<p>Schutzgeh\u00e4usen von IP20 bis IP54<br \/>\nTangentialventilator f\u00fcr alle Leistungen von 900 m\u00b3\/h bis &#8230;<\/p>\n","protected":false},"author":1,"featured_media":0,"parent":400,"menu_order":4,"comment_status":"closed","ping_status":"closed","template":"template-full-width.php","meta":{"_bbp_topic_count":0,"_bbp_reply_count":0,"_bbp_total_topic_count":0,"_bbp_total_reply_count":0,"_bbp_voice_count":0,"_bbp_anonymous_reply_count":0,"_bbp_topic_count_hidden":0,"_bbp_reply_count_hidden":0,"_bbp_forum_subforum_count":0,"footnotes":""},"class_list":["post-408","page","type-page","status-publish","hentry"],"_links":{"self":[{"href":"https:\/\/www.ebgline.com\/de\/wp-json\/wp\/v2\/pages\/408","targetHints":{"allow":["GET"]}}],"collection":[{"href":"https:\/\/www.ebgline.com\/de\/wp-json\/wp\/v2\/pages"}],"about":[{"href":"https:\/\/www.ebgline.com\/de\/wp-json\/wp\/v2\/types\/page"}],"author":[{"embeddable":true,"href":"https:\/\/www.ebgline.com\/de\/wp-json\/wp\/v2\/users\/1"}],"replies":[{"embeddable":true,"href":"https:\/\/www.ebgline.com\/de\/wp-json\/wp\/v2\/comments?post=408"}],"version-history":[{"count":5,"href":"https:\/\/www.ebgline.com\/de\/wp-json\/wp\/v2\/pages\/408\/revisions"}],"predecessor-version":[{"id":1273,"href":"https:\/\/www.ebgline.com\/de\/wp-json\/wp\/v2\/pages\/408\/revisions\/1273"}],"up":[{"embeddable":true,"href":"https:\/\/www.ebgline.com\/de\/wp-json\/wp\/v2\/pages\/400"}],"wp:attachment":[{"href":"https:\/\/www.ebgline.com\/de\/wp-json\/wp\/v2\/media?parent=408"}],"curies":[{"name":"wp","href":"https:\/\/api.w.org\/{rel}","templated":true}]}}