{"id":406,"date":"2018-03-15T10:28:31","date_gmt":"2018-03-15T09:28:31","guid":{"rendered":"https:\/\/demo.infovi.digital\/ebg\/fertigung\/avvolgimenti\/"},"modified":"2020-06-16T11:56:38","modified_gmt":"2020-06-16T09:56:38","slug":"gegossen-oder-vakuum-impragniert-nieder-oder-mittelspannungsspulen","status":"publish","type":"page","link":"https:\/\/www.ebgline.com\/de\/fertigung\/gegossen-oder-vakuum-impragniert-nieder-oder-mittelspannungsspulen\/","title":{"rendered":"Gegossen oder Vakuum impr\u00e4gniert Nieder- oder Mittelspannungsspulen"},"content":{"rendered":"[vc_row][vc_column][vc_column_text]\n<h2 style=\"text-align: center;\">Gegossen oder Vakuum impr\u00e4gniert Nieder- oder Mittelspannungsspulen<\/h2>\n<p>Die gro\u00dfe Erfahrung in der Fertigung von Gie\u00dfharztransformatoren und die bemerkenswerte Qualit\u00e4t haben es erm\u00f6glicht, neben dem kompletten Transformator auch di impr\u00e4gnierten oder eingesetzten Spulen mit niedriger oder mittlerer Spannung zu vermarkten. Das Design f\u00fcr die Herstellung des Kerns kann von EGB zur Verf\u00fcgung gestellt werden oder nach Angaben des Kunden sein. Dadurch kann in fernen L\u00e4ndern <strong>eine Reduzierung der Transport-, Import- und Baukosten des Transformators vor Ort gew\u00e4hrleistet werden.<\/strong><\/p>\n<p>Die Wicklungen mit niedriger und mittlerer Spannung werden bis Klasse 52kV mit einem Leiter aus Kupfer oder Aluminium hergestellt.<br \/>\nDie Spulen mit niedriger Spannung sind mit Platte mit geformten Ausgangsflachdr\u00e4hten hergestellt, die \u00fcber die gesamte L\u00e4nge der Platte geschwei\u00dft und mit Harzen der Klasse H im Druckkessel impr\u00e4gniert sind.\u00a0 Die Wicklungen mit mittlerer Spannung sind aus Draht oder Streifen je nach den Wicklungsstr\u00f6men und sind in Klasse F in Epoxidharz eingesetzt.<br \/>\nEBG kann auch Wicklungen mit Mehrspannungen oder mit spezifischen Eigenschaften herstellen, die vom Kunden angefordert werden. Der Wert der Teilentladungen f\u00fcr das gesamte Produktsortiment aus Harz liegt unter 5 pC.<\/p>\n<p>Auf Anfrage liefert EBG auch Wicklungen mit niedriger und mittlerer Spannung mit Montagesatz, einschlie\u00dflich Kappen und Druckgummis, Sternmittelplatte, Anschluss der Mittelspannungswicklungen, Sonden und K\u00e4stchen f\u00fcr die Temperaturmessung und mehr nach EBG-Design oder Projet des Kunden.[\/vc_column_text][vc_row_inner][vc_column_inner width=&#8220;1\/6&#8243;][\/vc_column_inner][vc_column_inner width=&#8220;2\/3&#8243;][vc_single_image image=&#8220;1267&#8243; img_size=&#8220;1600&#215;900&#8243; alignment=&#8220;center&#8220;][\/vc_column_inner][vc_column_inner width=&#8220;1\/6&#8243;][\/vc_column_inner][\/vc_row_inner][\/vc_column][\/vc_row]\n","protected":false},"excerpt":{"rendered":"<p>[vc_row][vc_column][vc_column_text]<br \/>\nGegossen oder Vakuum impr\u00e4gniert Nieder- oder Mittelspannungsspulen<br \/>\nDie gro\u00dfe Erfahrung in der Fertigung von Gie\u00dfharztransformatoren und die bemerkenswerte Qualit\u00e4t haben es erm\u00f6glicht, neben dem kompletten Transformator auch di impr\u00e4gnierten oder eingesetzten Spulen mit niedriger oder mittlerer Spannung zu vermarkten. Das Design f\u00fcr die Herstellung des Kerns kann von EGB zur Verf\u00fcgung gestellt werden oder nach Angaben des Kunden sein. Dadurch kann in fernen L\u00e4ndern eine Reduzierung der Transport-, Import- und Baukosten des Transformators vor Ort gew\u00e4hrleistet werden.<br \/>\nDie Wicklungen &#8230;<\/p>\n","protected":false},"author":1,"featured_media":0,"parent":400,"menu_order":3,"comment_status":"closed","ping_status":"closed","template":"template-full-width.php","meta":{"_bbp_topic_count":0,"_bbp_reply_count":0,"_bbp_total_topic_count":0,"_bbp_total_reply_count":0,"_bbp_voice_count":0,"_bbp_anonymous_reply_count":0,"_bbp_topic_count_hidden":0,"_bbp_reply_count_hidden":0,"_bbp_forum_subforum_count":0,"footnotes":""},"class_list":["post-406","page","type-page","status-publish","hentry"],"_links":{"self":[{"href":"https:\/\/www.ebgline.com\/de\/wp-json\/wp\/v2\/pages\/406","targetHints":{"allow":["GET"]}}],"collection":[{"href":"https:\/\/www.ebgline.com\/de\/wp-json\/wp\/v2\/pages"}],"about":[{"href":"https:\/\/www.ebgline.com\/de\/wp-json\/wp\/v2\/types\/page"}],"author":[{"embeddable":true,"href":"https:\/\/www.ebgline.com\/de\/wp-json\/wp\/v2\/users\/1"}],"replies":[{"embeddable":true,"href":"https:\/\/www.ebgline.com\/de\/wp-json\/wp\/v2\/comments?post=406"}],"version-history":[{"count":5,"href":"https:\/\/www.ebgline.com\/de\/wp-json\/wp\/v2\/pages\/406\/revisions"}],"predecessor-version":[{"id":1270,"href":"https:\/\/www.ebgline.com\/de\/wp-json\/wp\/v2\/pages\/406\/revisions\/1270"}],"up":[{"embeddable":true,"href":"https:\/\/www.ebgline.com\/de\/wp-json\/wp\/v2\/pages\/400"}],"wp:attachment":[{"href":"https:\/\/www.ebgline.com\/de\/wp-json\/wp\/v2\/media?parent=406"}],"curies":[{"name":"wp","href":"https:\/\/api.w.org\/{rel}","templated":true}]}}