{"id":404,"date":"2018-03-15T10:28:13","date_gmt":"2018-03-15T09:28:13","guid":{"rendered":"https:\/\/demo.infovi.digital\/ebg\/fertigung\/trasformatori-in-resina\/"},"modified":"2020-06-15T15:23:31","modified_gmt":"2020-06-15T13:23:31","slug":"giessharz-und-trockentransformatoren","status":"publish","type":"page","link":"https:\/\/www.ebgline.com\/de\/fertigung\/giessharz-und-trockentransformatoren\/","title":{"rendered":"Gie\u00dfharz- und Trockentransformatoren"},"content":{"rendered":"[vc_row][vc_column][vc_single_image image=&#8220;1064&#8243; img_size=&#8220;820&#215;312&#8243; alignment=&#8220;center&#8220; style=&#8220;vc_box_rounded&#8220;][\/vc_column][\/vc_row][vc_row][vc_column][vc_column_text]\n<h2 style=\"text-align: center;\">Cast resin and dry type transformers<\/h2>\n<p>EBG fertigt Verteilungs- und Spezialtransformatoren trocken und in Harz eingesetzt <strong>von 50 kVA bis 10.000 kVA f\u00fcr alle Spannungsklassen bis 52kV (BIL 250)<\/strong>. Die gesamte <strong>Fertigung<\/strong> erfolgt <strong>intern<\/strong>, vom Metallbau f\u00fcr das Pressen des Kerns bis zum Zusammenbau des Transformators mit Kasten entsprechend dem gew\u00fcnschten IP, sowie die Endabnahme.<\/p>\n<p>Der Metallbau ist von den anderen Fertigungsbereichen getrennt, um Kontaminationsprobleme zu vermeiden. Er verf\u00fcgt \u00fcber eine automatische Laserschneidemaschine mit automatisierter Blechlagerung, Pressbiegemaschinen mit 5-Achsen-Steuerung, 8 Schwei\u00dfstationen, eine Sandstrahlkabine f\u00fcr die Behandlung von Blechen und somit einer hochmodernen Lackieranlage mit Wasch-, Phosphofett-, Trocken- und Flow-Coating sowie Airless-System, je nach der gew\u00fcnschten Klasse von C3 f\u00fcr interne Installationen bis C5X f\u00fcr Offshore-Anwendungen.<br \/>\nDie Maschinen f\u00fcr die Herstellung der Wicklungen sind\u00a0sind neu gebaut\u00a0mit Fernbedienung, gleichbedeutend mit Pr\u00e4zision, Qualit\u00e4t und Geschwindigkeit.<\/p>\n<p>Die prim\u00e4ren und sekund\u00e4ren Wicklungen der Transformatoren sind aus Aluminium oder elektrolytischem Kupfer mit emaillierter Isolierung oder Nomex beschichtet gefertigt, je nach der Gr\u00f6\u00dfe des Leiters und der Isolationsspannung. Die Isolierung zwischen Winden und Schichten besteht aus Polyester (Klasse B = 120\u00b0), DMD (Klasse F = 155\u00b0) oder Nomex (Klasse H = 180\u00b0 und Klasse N = 200\u00b0) je nach der f\u00fcr den Transformator zu garantierenden thermischen Klasse. Die Wicklung k\u00f6nnen aus Platten, Schichten, mit vertikalem Fall oder Scheibe sein, je nach den beteiligten Str\u00f6men und Verlusten, die an den Wicklungen zu garantieren sind. F\u00fcr h\u00f6here Str\u00f6me werden Wicklungen mit umgesetztem Kabel oder andere speziell entwickelte technische L\u00f6sungen hergestellt. Bei Gie\u00dfharztransformatoren mit mittlerer Spannung werden die Wicklungen mit Epoxidharz im Druckkessel gef\u00fcllt und die Wicklungen mit niedriger Spannung werden unter Vakuum in Klasse H mit Harz impr\u00e4gniert.<\/p>\n<p>Die Montage erfolgt an 16 unabh\u00e4ngigen Arbeitspl\u00e4tzen, die eine industrielle Fertigung von Transformatoren erm\u00f6glicht, die ein wettbewerbsf\u00e4higes und qualitativ hochwertiges Produkt gew\u00e4hrleistet.<\/p>\n<p>Die gesamte Fertigung von Gie\u00dfharztransformatoren erfolgt in den<strong>\u00a0<\/strong>Klassen <strong>E2, C2 und F1<\/strong>, wir k\u00f6nnen jedoch auch die Klasse E3 (Windinstallation) und C4 (Installation bei niedrigen Temperaturen bis -60\u00b0C) gew\u00e4hrleisten.[\/vc_column_text][vc_row_inner][vc_column_inner width=&#8220;1\/2&#8243;][vc_gallery interval=&#8220;5&#8243; images=&#8220;1085,1079,1091,1082,1088,1097,1103,1094,1100,1106,1109,1112&#8243; img_size=&#8220;1600&#215;900&#8243;][\/vc_column_inner][vc_column_inner width=&#8220;1\/2&#8243;][vc_gallery interval=&#8220;5&#8243; images=&#8220;1067,1070,1073,1076&#8243; img_size=&#8220;1600&#215;900&#8243;][\/vc_column_inner][\/vc_row_inner][\/vc_column][\/vc_row]\n","protected":false},"excerpt":{"rendered":"<p>[vc_row][vc_column][vc_single_image image=&#8220;1064&#8243; img_size=&#8220;820&#215;312&#8243; alignment=&#8220;center&#8220; style=&#8220;vc_box_rounded&#8220;][\/vc_column][\/vc_row][vc_row][vc_column][vc_column_text]<br \/>\nCast resin and dry type transformers<br \/>\nEBG fertigt Verteilungs- und Spezialtransformatoren trocken und in Harz eingesetzt von 50 kVA bis 10.000 kVA f\u00fcr alle Spannungsklassen bis 52kV (BIL 250). Die gesamte Fertigung erfolgt intern, vom Metallbau f\u00fcr das Pressen des Kerns bis zum Zusammenbau des Transformators mit Kasten entsprechend dem gew\u00fcnschten IP, sowie die Endabnahme.<br \/>\nDer Metallbau ist von den anderen Fertigungsbereichen getrennt, um Kontaminationsprobleme zu vermeiden. Er verf\u00fcgt \u00fcber eine automatische Laserschneidemaschine mit automatisierter &#8230;<\/p>\n","protected":false},"author":1,"featured_media":0,"parent":400,"menu_order":2,"comment_status":"closed","ping_status":"closed","template":"template-full-width.php","meta":{"_bbp_topic_count":0,"_bbp_reply_count":0,"_bbp_total_topic_count":0,"_bbp_total_reply_count":0,"_bbp_voice_count":0,"_bbp_anonymous_reply_count":0,"_bbp_topic_count_hidden":0,"_bbp_reply_count_hidden":0,"_bbp_forum_subforum_count":0,"footnotes":""},"class_list":["post-404","page","type-page","status-publish","hentry"],"_links":{"self":[{"href":"https:\/\/www.ebgline.com\/de\/wp-json\/wp\/v2\/pages\/404","targetHints":{"allow":["GET"]}}],"collection":[{"href":"https:\/\/www.ebgline.com\/de\/wp-json\/wp\/v2\/pages"}],"about":[{"href":"https:\/\/www.ebgline.com\/de\/wp-json\/wp\/v2\/types\/page"}],"author":[{"embeddable":true,"href":"https:\/\/www.ebgline.com\/de\/wp-json\/wp\/v2\/users\/1"}],"replies":[{"embeddable":true,"href":"https:\/\/www.ebgline.com\/de\/wp-json\/wp\/v2\/comments?post=404"}],"version-history":[{"count":5,"href":"https:\/\/www.ebgline.com\/de\/wp-json\/wp\/v2\/pages\/404\/revisions"}],"predecessor-version":[{"id":1115,"href":"https:\/\/www.ebgline.com\/de\/wp-json\/wp\/v2\/pages\/404\/revisions\/1115"}],"up":[{"embeddable":true,"href":"https:\/\/www.ebgline.com\/de\/wp-json\/wp\/v2\/pages\/400"}],"wp:attachment":[{"href":"https:\/\/www.ebgline.com\/de\/wp-json\/wp\/v2\/media?parent=404"}],"curies":[{"name":"wp","href":"https:\/\/api.w.org\/{rel}","templated":true}]}}