{"id":402,"date":"2018-03-15T10:27:35","date_gmt":"2018-03-15T09:27:35","guid":{"rendered":"https:\/\/demo.infovi.digital\/ebg\/fertigung\/trasformatori-in-olio\/"},"modified":"2020-06-15T15:24:40","modified_gmt":"2020-06-15T13:24:40","slug":"oltransformatoren","status":"publish","type":"page","link":"https:\/\/www.ebgline.com\/de\/fertigung\/oltransformatoren\/","title":{"rendered":"\u00d6ltransformatoren"},"content":{"rendered":"[vc_row][vc_column][vc_single_image image=&#8220;986&#8243; img_size=&#8220;820X312&#8243; alignment=&#8220;center&#8220; style=&#8220;vc_box_rounded&#8220;][\/vc_column][\/vc_row][vc_row][vc_column][vc_column_text]\n<h2 style=\"text-align: center;\">\u00d6ltransformatoren<\/h2>\n<p>EBG fertigt Verteilungs- und Spezialtransformatoren in \u00d6l <strong>von 50 kVA bis 10.000 kVA f\u00fcr alle Spannungsklassen bis 145 kV (BIL 650)<\/strong>.\u00a0 Die gesamte <strong>Fertigung <\/strong>erfolgt<strong> intern<\/strong>, vom Beh\u00e4lter der Isolierfl\u00fcssigkeit, der mit Wellen oder Radiatoren hergestellt wird, bis hin zum Zusammenbau und der Endabnahme.<\/p>\n<p>Der Metallbau ist von den anderen Fertigungsbereichen getrennt, um Kontaminationsprobleme zu vermeiden. Er verf\u00fcgt \u00fcber eine automatische Laserschneidemaschine mit automatisierter Blechlagerung, Pressbiegemaschinen mit 5-Achsen-Steuerung, 8 Schwei\u00dfstationen, eine Sandstrahlkabine f\u00fcr die Behandlung von Blechen und somit einer hochmodernen Lackieranlage mit Wasch-, Phosphofett-, Trocken- und Flow-Coating sowie Airless-System, je nach der gew\u00fcnschten Klasse von C3 f\u00fcr interne Installationen bis C5X f\u00fcr Offshore-Anwendungen.<br \/>\nDie Maschinen f\u00fcr die Herstellung der Wicklungen sind\u00a0sind neu gebautmit Fernbedienung, gleichbedeutend mit Pr\u00e4zision, Qualit\u00e4t und Geschwindigkeit.<\/p>\n<p>Die prim\u00e4ren und sekund\u00e4ren Wicklungen der Transformatoren sind aus Aluminium oder elektrolytischem Kupfer mit emaillierter Isolierung oder Nomex beschichtet gefertigt, je nach der Gr\u00f6\u00dfe des Leiters und der Isolationsspannung. Die Isolierung zwischen Windungen und Schichten besteht einzig aus Diamantpapier, das der Wicklung selbst nach dem Brennen im Ofen eine erhebliche mechanische Best\u00e4ndigkeit gegen elektrodynamische Beanspruchungen verleiht. Die Wahl der Wicklungsart, ob spiral- oder scheibenf\u00f6rmig, wird durch die beteiligten Spannungen und Str\u00f6men, durch die mechanischen und thermischen Beanspruchungen sowie durch spezifische Kundenw\u00fcnsche bestimmt. F\u00fcr h\u00f6here Str\u00f6me werden Wicklungen mit umgesetztem Kabel oder andere speziell entwickelte technische L\u00f6sungen hergestellt.<\/p>\n<p>Die Montage erfolgt an 16 unabh\u00e4ngigen Arbeitspl\u00e4tzen, die eine industrielle Fertigung von Transformatoren erm\u00f6glicht, die ein wettbewerbsf\u00e4higes und qualitativ hochwertiges Produkt gew\u00e4hrleistet.<\/p>\n<p>Die Anlagen zum Entgasen des \u00d6ls, zum Trocknen und Impr\u00e4gnieren des aktiven Teils des Transformators unter Vakuum sind automatisiert\u00a0und\u00a0werden von einem Computer gesteuert.[\/vc_column_text][vc_row_inner][vc_column_inner width=&#8220;1\/2&#8243;][vc_gallery interval=&#8220;5&#8243; images=&#8220;992,1007,995,998,1001,1010,1013,1016,1041,1019,1022,1047&#8243; img_size=&#8220;1600X900&#8243;][\/vc_column_inner][vc_column_inner width=&#8220;1\/2&#8243;][vc_gallery interval=&#8220;5&#8243; images=&#8220;1025,1028,1031,1034&#8243; img_size=&#8220;1600X900&#8243;][\/vc_column_inner][\/vc_row_inner][\/vc_column][\/vc_row]\n","protected":false},"excerpt":{"rendered":"<p>[vc_row][vc_column][vc_single_image image=&#8220;986&#8243; img_size=&#8220;820X312&#8243; alignment=&#8220;center&#8220; style=&#8220;vc_box_rounded&#8220;][\/vc_column][\/vc_row][vc_row][vc_column][vc_column_text]<br \/>\n\u00d6ltransformatoren<br \/>\nEBG fertigt Verteilungs- und Spezialtransformatoren in \u00d6l von 50 kVA bis 10.000 kVA f\u00fcr alle Spannungsklassen bis 145 kV (BIL 650).\u00a0 Die gesamte Fertigung erfolgt intern, vom Beh\u00e4lter der Isolierfl\u00fcssigkeit, der mit Wellen oder Radiatoren hergestellt wird, bis hin zum Zusammenbau und der Endabnahme.<br \/>\nDer Metallbau ist von den anderen Fertigungsbereichen getrennt, um Kontaminationsprobleme zu vermeiden. Er verf\u00fcgt \u00fcber eine automatische Laserschneidemaschine mit automatisierter Blechlagerung, Pressbiegemaschinen mit 5-Achsen-Steuerung, 8 Schwei\u00dfstationen, eine Sandstrahlkabine f\u00fcr die &#8230;<\/p>\n","protected":false},"author":1,"featured_media":0,"parent":400,"menu_order":1,"comment_status":"closed","ping_status":"closed","template":"template-full-width.php","meta":{"_bbp_topic_count":0,"_bbp_reply_count":0,"_bbp_total_topic_count":0,"_bbp_total_reply_count":0,"_bbp_voice_count":0,"_bbp_anonymous_reply_count":0,"_bbp_topic_count_hidden":0,"_bbp_reply_count_hidden":0,"_bbp_forum_subforum_count":0,"footnotes":""},"class_list":["post-402","page","type-page","status-publish","hentry"],"_links":{"self":[{"href":"https:\/\/www.ebgline.com\/de\/wp-json\/wp\/v2\/pages\/402","targetHints":{"allow":["GET"]}}],"collection":[{"href":"https:\/\/www.ebgline.com\/de\/wp-json\/wp\/v2\/pages"}],"about":[{"href":"https:\/\/www.ebgline.com\/de\/wp-json\/wp\/v2\/types\/page"}],"author":[{"embeddable":true,"href":"https:\/\/www.ebgline.com\/de\/wp-json\/wp\/v2\/users\/1"}],"replies":[{"embeddable":true,"href":"https:\/\/www.ebgline.com\/de\/wp-json\/wp\/v2\/comments?post=402"}],"version-history":[{"count":6,"href":"https:\/\/www.ebgline.com\/de\/wp-json\/wp\/v2\/pages\/402\/revisions"}],"predecessor-version":[{"id":1119,"href":"https:\/\/www.ebgline.com\/de\/wp-json\/wp\/v2\/pages\/402\/revisions\/1119"}],"up":[{"embeddable":true,"href":"https:\/\/www.ebgline.com\/de\/wp-json\/wp\/v2\/pages\/400"}],"wp:attachment":[{"href":"https:\/\/www.ebgline.com\/de\/wp-json\/wp\/v2\/media?parent=402"}],"curies":[{"name":"wp","href":"https:\/\/api.w.org\/{rel}","templated":true}]}}