{"id":398,"date":"2018-03-15T10:27:13","date_gmt":"2018-03-15T09:27:13","guid":{"rendered":"https:\/\/demo.infovi.digital\/ebg\/technologie\/liquido-isolante\/"},"modified":"2020-06-11T14:34:59","modified_gmt":"2020-06-11T12:34:59","slug":"isolierflussigkeit-fur-ol-transformatoren-und-drosseln","status":"publish","type":"page","link":"https:\/\/www.ebgline.com\/de\/technologie\/isolierflussigkeit-fur-ol-transformatoren-und-drosseln\/","title":{"rendered":"Isolierfl\u00fcssigkeit f\u00fcr \u00d6l-Transformatoren und Drosseln"},"content":{"rendered":"[vc_row][vc_column][vc_column_text]\n<h2 style=\"text-align: center;\">Isolierfl\u00fcssigkeit f\u00fcr \u00d6l-Transformatoren und Drosseln<\/h2>\n<p>Die Isolierfl\u00fcssigkeiten f\u00fcr Transformatoren und Drosseln in \u00d6l k\u00f6nnen sein: <strong>Mineral\u00f6l<\/strong>, <strong>gehemmt<\/strong> oder ungehemmt f\u00fcr niedrige Temperaturen, <strong>Silikon\u00f6l, synthetisch, pflanzlich, FR3<\/strong> und andere je nach der Anforderung des Kunden, um den Energiegehalt im Brandfall zu begrenzen oder um bestimmte Umweltanforderungen zu erf\u00fcllen. Bei den meisten \u00d6len erfolgt das Bef\u00fcllen unter Vakuum in Druckkesseln, nachdem die Isolierfl\u00fcssigkeit entgast wurde. Die Dimensionierung und somit der Verkaufspreis des Transformators kann bei gleicher Leistung variieren, je nach den isolierenden und thermischen Eigenschaften der verwendeten Fl\u00fcssigkeit.[\/vc_column_text][\/vc_column][\/vc_row]\n","protected":false},"excerpt":{"rendered":"<p>[vc_row][vc_column][vc_column_text]<br \/>\nIsolierfl\u00fcssigkeit f\u00fcr \u00d6l-Transformatoren und Drosseln<br \/>\nDie Isolierfl\u00fcssigkeiten f\u00fcr Transformatoren und Drosseln in \u00d6l k\u00f6nnen sein: Mineral\u00f6l, gehemmt oder ungehemmt f\u00fcr niedrige Temperaturen, Silikon\u00f6l, synthetisch, pflanzlich, FR3 und andere je nach der Anforderung des Kunden, um den Energiegehalt im Brandfall zu begrenzen oder um bestimmte Umweltanforderungen zu erf\u00fcllen. Bei den meisten \u00d6len erfolgt das Bef\u00fcllen unter Vakuum in Druckkesseln, nachdem die Isolierfl\u00fcssigkeit entgast wurde. Die Dimensionierung und somit der Verkaufspreis des Transformators kann bei gleicher Leistung variieren, je nach den &#8230;<\/p>\n","protected":false},"author":1,"featured_media":0,"parent":386,"menu_order":6,"comment_status":"closed","ping_status":"closed","template":"template-full-width.php","meta":{"_bbp_topic_count":0,"_bbp_reply_count":0,"_bbp_total_topic_count":0,"_bbp_total_reply_count":0,"_bbp_voice_count":0,"_bbp_anonymous_reply_count":0,"_bbp_topic_count_hidden":0,"_bbp_reply_count_hidden":0,"_bbp_forum_subforum_count":0,"footnotes":""},"class_list":["post-398","page","type-page","status-publish","hentry"],"_links":{"self":[{"href":"https:\/\/www.ebgline.com\/de\/wp-json\/wp\/v2\/pages\/398","targetHints":{"allow":["GET"]}}],"collection":[{"href":"https:\/\/www.ebgline.com\/de\/wp-json\/wp\/v2\/pages"}],"about":[{"href":"https:\/\/www.ebgline.com\/de\/wp-json\/wp\/v2\/types\/page"}],"author":[{"embeddable":true,"href":"https:\/\/www.ebgline.com\/de\/wp-json\/wp\/v2\/users\/1"}],"replies":[{"embeddable":true,"href":"https:\/\/www.ebgline.com\/de\/wp-json\/wp\/v2\/comments?post=398"}],"version-history":[{"count":5,"href":"https:\/\/www.ebgline.com\/de\/wp-json\/wp\/v2\/pages\/398\/revisions"}],"predecessor-version":[{"id":927,"href":"https:\/\/www.ebgline.com\/de\/wp-json\/wp\/v2\/pages\/398\/revisions\/927"}],"up":[{"embeddable":true,"href":"https:\/\/www.ebgline.com\/de\/wp-json\/wp\/v2\/pages\/386"}],"wp:attachment":[{"href":"https:\/\/www.ebgline.com\/de\/wp-json\/wp\/v2\/media?parent=398"}],"curies":[{"name":"wp","href":"https:\/\/api.w.org\/{rel}","templated":true}]}}