{"id":396,"date":"2018-03-15T10:26:54","date_gmt":"2018-03-15T09:26:54","guid":{"rendered":"https:\/\/demo.infovi.digital\/ebg\/technologie\/cassa\/"},"modified":"2020-06-15T15:40:56","modified_gmt":"2020-06-15T13:40:56","slug":"ol-kessel-und-schutzgehausen-mit-gewunschtem-ip","status":"publish","type":"page","link":"https:\/\/www.ebgline.com\/de\/technologie\/ol-kessel-und-schutzgehausen-mit-gewunschtem-ip\/","title":{"rendered":"\u00d6l-Kessel und Schutzgeh\u00e4usen mit gew\u00fcnschtem IP"},"content":{"rendered":"[vc_row][vc_column][vc_column_text]\n<h2 style=\"text-align: center;\">\u00d6l-Kessel und Schutzgeh\u00e4usen mit gew\u00fcnschtem IP<\/h2>\n<p>Das Geh\u00e4use der Transformatoren und Drosseln in \u00d6l kann <strong>mit elastischen Wellen (hermetische L\u00f6sung) oder mit Radiatoren<\/strong> sein. In diesem Fall verf\u00fcgt das Geh\u00e4use f\u00fcr die \u00d6lausdehnung \u00fcber ein Ausdehnungsgef\u00e4\u00df oder ein Luft- oder Stickstoffkissen.Die Geh\u00e4use sind aus gebeiztem Blech hergestellt, das sandgestrahlt und mit Mono- und Zweikomponenten-Epoxid und Acryl-Farbe, auf L\u00f6sungsmittel- oder Wasserbasis lackiert ist. Wir sind in der Lage, f\u00fcr unsere gesamte Produktion die RAL und die gew\u00fcnschte Lackklasse je nach dem Installationsort von C3M (interne Installation) bis C5X (Offshore-Installation) zu garantieren. Das verwendete Design entspricht voll und ganz den Vorschriften des Bestimmungslandes.<\/p>\n<p>Die Trockentransformatoren und -drosseln k\u00f6nnen mit einem <strong>Schutzkasten gem\u00e4\u00df dem gew\u00fcnschten IP<\/strong> ausgestattet sein. EBG verf\u00fcgt \u00fcber drei Typologien von Schutzk\u00e4sten je nach den Anforderungen des Kunden. Der Kasten kann mit einer tragenden Struktur aus Blech oder Aluminiumprofil ausgestattet sein, an der die Paneele montiert werden k\u00f6nnen oder er kann mit selbsttragenden Paneelen hergestellt werden.\u00a0 Der IPXX wird durch die Verwendung standardm\u00e4\u00dfiger Gitter <strong>von IP21 bis IP43<\/strong> garantiert. F\u00fcr h\u00f6here IPs wird der Kasten mittels geeigneter Dichtungen vollst\u00e4ndig geschlossen und versiegelt.[\/vc_column_text][\/vc_column][\/vc_row][vc_row][vc_column width=&#8220;1\/2&#8243;][vc_gallery interval=&#8220;5&#8243; images=&#8220;881,866&#8243; img_size=&#8220;1600&#215;900&#8243;][\/vc_column][vc_column width=&#8220;1\/2&#8243;][vc_gallery interval=&#8220;5&#8243; images=&#8220;878,875,1123&#8243; img_size=&#8220;1600&#215;900&#8243;][\/vc_column][\/vc_row]\n","protected":false},"excerpt":{"rendered":"<p>[vc_row][vc_column][vc_column_text]<br \/>\n\u00d6l-Kessel und Schutzgeh\u00e4usen mit gew\u00fcnschtem IP<br \/>\nDas Geh\u00e4use der Transformatoren und Drosseln in \u00d6l kann mit elastischen Wellen (hermetische L\u00f6sung) oder mit Radiatoren sein. In diesem Fall verf\u00fcgt das Geh\u00e4use f\u00fcr die \u00d6lausdehnung \u00fcber ein Ausdehnungsgef\u00e4\u00df oder ein Luft- oder Stickstoffkissen.Die Geh\u00e4use sind aus gebeiztem Blech hergestellt, das sandgestrahlt und mit Mono- und Zweikomponenten-Epoxid und Acryl-Farbe, auf L\u00f6sungsmittel- oder Wasserbasis lackiert ist. Wir sind in der Lage, f\u00fcr unsere gesamte Produktion die RAL und die gew\u00fcnschte Lackklasse je nach &#8230;<\/p>\n","protected":false},"author":1,"featured_media":0,"parent":386,"menu_order":5,"comment_status":"closed","ping_status":"closed","template":"template-full-width.php","meta":{"_bbp_topic_count":0,"_bbp_reply_count":0,"_bbp_total_topic_count":0,"_bbp_total_reply_count":0,"_bbp_voice_count":0,"_bbp_anonymous_reply_count":0,"_bbp_topic_count_hidden":0,"_bbp_reply_count_hidden":0,"_bbp_forum_subforum_count":0,"footnotes":""},"class_list":["post-396","page","type-page","status-publish","hentry"],"_links":{"self":[{"href":"https:\/\/www.ebgline.com\/de\/wp-json\/wp\/v2\/pages\/396","targetHints":{"allow":["GET"]}}],"collection":[{"href":"https:\/\/www.ebgline.com\/de\/wp-json\/wp\/v2\/pages"}],"about":[{"href":"https:\/\/www.ebgline.com\/de\/wp-json\/wp\/v2\/types\/page"}],"author":[{"embeddable":true,"href":"https:\/\/www.ebgline.com\/de\/wp-json\/wp\/v2\/users\/1"}],"replies":[{"embeddable":true,"href":"https:\/\/www.ebgline.com\/de\/wp-json\/wp\/v2\/comments?post=396"}],"version-history":[{"count":6,"href":"https:\/\/www.ebgline.com\/de\/wp-json\/wp\/v2\/pages\/396\/revisions"}],"predecessor-version":[{"id":1126,"href":"https:\/\/www.ebgline.com\/de\/wp-json\/wp\/v2\/pages\/396\/revisions\/1126"}],"up":[{"embeddable":true,"href":"https:\/\/www.ebgline.com\/de\/wp-json\/wp\/v2\/pages\/386"}],"wp:attachment":[{"href":"https:\/\/www.ebgline.com\/de\/wp-json\/wp\/v2\/media?parent=396"}],"curies":[{"name":"wp","href":"https:\/\/api.w.org\/{rel}","templated":true}]}}