{"id":394,"date":"2018-03-15T10:26:35","date_gmt":"2018-03-15T09:26:35","guid":{"rendered":"https:\/\/demo.infovi.digital\/ebg\/technologie\/isolanti\/"},"modified":"2020-06-16T11:40:13","modified_gmt":"2020-06-16T09:40:13","slug":"durchfuhrungen","status":"publish","type":"page","link":"https:\/\/www.ebgline.com\/de\/technologie\/durchfuhrungen\/","title":{"rendered":"Durchf\u00fchrungen"},"content":{"rendered":"[vc_row][vc_column][vc_column_text]\n<h2 style=\"text-align: center;\">Durchf\u00fchrungen<\/h2>\n<p>Die Durchgangsisolatoren mit hoher und niedriger Spannung k\u00f6nnen aus emailliertem <strong>Porzellan, Harz oder Silikon<\/strong> sein. Bei Transformatoren und Drosseln in \u00d6l k\u00f6nnen die Durchgangsisolatoren an der Abdeckung (typisch europ\u00e4isches Design) oder an den vertikalen Seiten des Geh\u00e4uses mit oder ohne Kabelbox (British Design) positioniert sein. Sie k\u00f6nnen ausgetauscht werden, ohne das aktive Teil zu entfernen.<\/p>\n<p>Bei Trockentransformatoren liegen die Durchgangsisolatoren auf Tr\u00e4gern, die an der Metallkonstruktion des Transformators selbst oder am Schutzgeh\u00e4use befestigt sind, wo der gew\u00fcnschte IP gew\u00e4hrleistet ist.<\/p>\n<p>Die Isolatoren mit hoher oder mittlerer Spannung k\u00f6nnen zum Schutz vor etwaigen \u00dcberspannungen mit Funkenstrecken oder Entladern ausgestattet sein. Die Isolatoren k\u00f6nnen sowohl f\u00fcr \u00d6l- als auch f\u00fcr Trockenmaschinen vom <strong>Typ Elastimold<\/strong> sein<strong>.<\/strong>[\/vc_column_text][\/vc_column][\/vc_row][vc_row][vc_column width=&#8220;1\/2&#8243;][vc_gallery interval=&#8220;5&#8243; images=&#8220;1246,888,1243&#8243; img_size=&#8220;1600&#215;900&#8243;][\/vc_column][vc_column width=&#8220;1\/2&#8243;][vc_gallery interval=&#8220;5&#8243; images=&#8220;1258,1252,1255&#8243; img_size=&#8220;1600&#215;900&#8243;][\/vc_column][\/vc_row]\n","protected":false},"excerpt":{"rendered":"<p>[vc_row][vc_column][vc_column_text]<br \/>\nDurchf\u00fchrungen<br \/>\nDie Durchgangsisolatoren mit hoher und niedriger Spannung k\u00f6nnen aus emailliertem Porzellan, Harz oder Silikon sein. Bei Transformatoren und Drosseln in \u00d6l k\u00f6nnen die Durchgangsisolatoren an der Abdeckung (typisch europ\u00e4isches Design) oder an den vertikalen Seiten des Geh\u00e4uses mit oder ohne Kabelbox (British Design) positioniert sein. Sie k\u00f6nnen ausgetauscht werden, ohne das aktive Teil zu entfernen.<br \/>\nBei Trockentransformatoren liegen die Durchgangsisolatoren auf Tr\u00e4gern, die an der Metallkonstruktion des Transformators selbst oder am Schutzgeh\u00e4use befestigt sind, wo der gew\u00fcnschte IP &#8230;<\/p>\n","protected":false},"author":1,"featured_media":0,"parent":386,"menu_order":4,"comment_status":"closed","ping_status":"closed","template":"template-full-width.php","meta":{"_bbp_topic_count":0,"_bbp_reply_count":0,"_bbp_total_topic_count":0,"_bbp_total_reply_count":0,"_bbp_voice_count":0,"_bbp_anonymous_reply_count":0,"_bbp_topic_count_hidden":0,"_bbp_reply_count_hidden":0,"_bbp_forum_subforum_count":0,"footnotes":""},"class_list":["post-394","page","type-page","status-publish","hentry"],"_links":{"self":[{"href":"https:\/\/www.ebgline.com\/de\/wp-json\/wp\/v2\/pages\/394","targetHints":{"allow":["GET"]}}],"collection":[{"href":"https:\/\/www.ebgline.com\/de\/wp-json\/wp\/v2\/pages"}],"about":[{"href":"https:\/\/www.ebgline.com\/de\/wp-json\/wp\/v2\/types\/page"}],"author":[{"embeddable":true,"href":"https:\/\/www.ebgline.com\/de\/wp-json\/wp\/v2\/users\/1"}],"replies":[{"embeddable":true,"href":"https:\/\/www.ebgline.com\/de\/wp-json\/wp\/v2\/comments?post=394"}],"version-history":[{"count":7,"href":"https:\/\/www.ebgline.com\/de\/wp-json\/wp\/v2\/pages\/394\/revisions"}],"predecessor-version":[{"id":1261,"href":"https:\/\/www.ebgline.com\/de\/wp-json\/wp\/v2\/pages\/394\/revisions\/1261"}],"up":[{"embeddable":true,"href":"https:\/\/www.ebgline.com\/de\/wp-json\/wp\/v2\/pages\/386"}],"wp:attachment":[{"href":"https:\/\/www.ebgline.com\/de\/wp-json\/wp\/v2\/media?parent=394"}],"curies":[{"name":"wp","href":"https:\/\/api.w.org\/{rel}","templated":true}]}}