{"id":392,"date":"2018-03-15T10:26:13","date_gmt":"2018-03-15T09:26:13","guid":{"rendered":"https:\/\/demo.infovi.digital\/ebg\/technologie\/commutatori-di-tensione\/"},"modified":"2020-06-11T17:28:34","modified_gmt":"2020-06-11T15:28:34","slug":"stufenschalter","status":"publish","type":"page","link":"https:\/\/www.ebgline.com\/de\/technologie\/stufenschalter\/","title":{"rendered":"Stufenschalter"},"content":{"rendered":"[vc_row][vc_column][vc_column_text]\n<h2 style=\"text-align: center;\">Stufenschalter<\/h2>\n<p>Die Regulierung und \u00c4nderung der prim\u00e4ren Spannung erfolgt durch externes Schalten an der Vorderseite der Spule mit \u00c4nderung der Spannung bei ausgeschaltetem Transformator (off load) oder durch Stufenschalter, die das Schalten bei laufender Maschine erm\u00f6glichen.<\/p>\n<p>Die Stufenschalter <strong>OLTC<\/strong> sind ganz nach Wunsch des Kunden mit allen Zubeh\u00f6rteilen ausgestattet.<\/p>\n<p>Das Schalten kann mit Vakuum- oder \u00d6lbadkontakt gew\u00e4hrleistet werden.[\/vc_column_text][\/vc_column][\/vc_row][vc_row][vc_column width=&#8220;1\/2&#8243;][vc_single_image image=&#8220;914&#8243; img_size=&#8220;1600&#215;900&#8243; alignment=&#8220;center&#8220; onclick=&#8220;link_image&#8220;][\/vc_column][vc_column width=&#8220;1\/2&#8243;][vc_single_image image=&#8220;917&#8243; img_size=&#8220;1600&#215;900&#8243; alignment=&#8220;center&#8220; onclick=&#8220;link_image&#8220;][\/vc_column][\/vc_row]\n","protected":false},"excerpt":{"rendered":"<p>[vc_row][vc_column][vc_column_text]<br \/>\nStufenschalter<br \/>\nDie Regulierung und \u00c4nderung der prim\u00e4ren Spannung erfolgt durch externes Schalten an der Vorderseite der Spule mit \u00c4nderung der Spannung bei ausgeschaltetem Transformator (off load) oder durch Stufenschalter, die das Schalten bei laufender Maschine erm\u00f6glichen.<br \/>\nDie Stufenschalter OLTC sind ganz nach Wunsch des Kunden mit allen Zubeh\u00f6rteilen ausgestattet.<br \/>\nDas Schalten kann mit Vakuum- oder \u00d6lbadkontakt gew\u00e4hrleistet werden.[\/vc_column_text][\/vc_column][\/vc_row][vc_row][vc_column width=&#8220;1\/2&#8243;][vc_single_image image=&#8220;914&#8243; img_size=&#8220;1600&#215;900&#8243; alignment=&#8220;center&#8220; onclick=&#8220;link_image&#8220;][\/vc_column][vc_column width=&#8220;1\/2&#8243;][vc_single_image image=&#8220;917&#8243; img_size=&#8220;1600&#215;900&#8243; alignment=&#8220;center&#8220; onclick=&#8220;link_image&#8220;][\/vc_column][\/vc_row]<\/p>\n","protected":false},"author":1,"featured_media":0,"parent":386,"menu_order":3,"comment_status":"closed","ping_status":"closed","template":"template-full-width.php","meta":{"_bbp_topic_count":0,"_bbp_reply_count":0,"_bbp_total_topic_count":0,"_bbp_total_reply_count":0,"_bbp_voice_count":0,"_bbp_anonymous_reply_count":0,"_bbp_topic_count_hidden":0,"_bbp_reply_count_hidden":0,"_bbp_forum_subforum_count":0,"footnotes":""},"class_list":["post-392","page","type-page","status-publish","hentry"],"_links":{"self":[{"href":"https:\/\/www.ebgline.com\/de\/wp-json\/wp\/v2\/pages\/392","targetHints":{"allow":["GET"]}}],"collection":[{"href":"https:\/\/www.ebgline.com\/de\/wp-json\/wp\/v2\/pages"}],"about":[{"href":"https:\/\/www.ebgline.com\/de\/wp-json\/wp\/v2\/types\/page"}],"author":[{"embeddable":true,"href":"https:\/\/www.ebgline.com\/de\/wp-json\/wp\/v2\/users\/1"}],"replies":[{"embeddable":true,"href":"https:\/\/www.ebgline.com\/de\/wp-json\/wp\/v2\/comments?post=392"}],"version-history":[{"count":7,"href":"https:\/\/www.ebgline.com\/de\/wp-json\/wp\/v2\/pages\/392\/revisions"}],"predecessor-version":[{"id":976,"href":"https:\/\/www.ebgline.com\/de\/wp-json\/wp\/v2\/pages\/392\/revisions\/976"}],"up":[{"embeddable":true,"href":"https:\/\/www.ebgline.com\/de\/wp-json\/wp\/v2\/pages\/386"}],"wp:attachment":[{"href":"https:\/\/www.ebgline.com\/de\/wp-json\/wp\/v2\/media?parent=392"}],"curies":[{"name":"wp","href":"https:\/\/api.w.org\/{rel}","templated":true}]}}