{"id":390,"date":"2018-03-15T10:25:52","date_gmt":"2018-03-15T09:25:52","guid":{"rendered":"https:\/\/demo.infovi.digital\/ebg\/technologie\/avvolgimenti\/"},"modified":"2020-06-16T12:13:59","modified_gmt":"2020-06-16T10:13:59","slug":"wicklungen","status":"publish","type":"page","link":"https:\/\/www.ebgline.com\/de\/technologie\/wicklungen\/","title":{"rendered":"Wicklungen"},"content":{"rendered":"[vc_row][vc_column][vc_column_text]\n<h2 style=\"text-align: center;\">Wicklungen<\/h2>\n<p>Die prim\u00e4ren und sekund\u00e4ren Wicklungen der Transformatoren sind aus <strong>Aluminium<\/strong> oder elektrolytischem <strong>Kupfer<\/strong> mit emaillierter Isolierung, Nomex oder Glasfaser gefertigt, je nach der Gr\u00f6\u00dfe des Leiters und der Isolationsspannung. Die Wahl der Wicklung wird durch die beteiligten Spannungen und Str\u00f6men, durch die mechanischen und thermischen Beanspruchungen sowie durch spezifische Kundenw\u00fcnsche bestimmt.<\/p>\n<p>F\u00fcr die Leistungstransformatoren werden die Wicklungen aus Scheiben gefertigt, deren Wicklung f\u00fcr die beteiligten Spannungen und Str\u00f6me geeignet sind. F\u00fcr h\u00f6here Str\u00f6me werden Wicklungen mit umgesetztem Kabel oder andere speziell entwickelte technische L\u00f6sungen verwendet.<\/p>\n<p>F\u00fcr die h\u00f6heren Spannungen werden alle Bauma\u00dfnahmen getroffen, um das elektrische Feld zu vereinheitlichen und die Kapazit\u00e4t auf die Wicklungen zu verteilen, um sie vor \u00dcberspannungen unterschiedlicher Herkunft, Impulsph\u00e4nomenen und anderem zu sch\u00fctzen.[\/vc_column_text][vc_row_inner][vc_column_inner width=&#8220;1\/6&#8243;][\/vc_column_inner][vc_column_inner width=&#8220;2\/3&#8243;][vc_single_image image=&#8220;1282&#8243; img_size=&#8220;820&#215;312&#8243; alignment=&#8220;center&#8220;][\/vc_column_inner][vc_column_inner width=&#8220;1\/6&#8243;][\/vc_column_inner][\/vc_row_inner][\/vc_column][\/vc_row]\n","protected":false},"excerpt":{"rendered":"<p>[vc_row][vc_column][vc_column_text]<br \/>\nWicklungen<br \/>\nDie prim\u00e4ren und sekund\u00e4ren Wicklungen der Transformatoren sind aus Aluminium oder elektrolytischem Kupfer mit emaillierter Isolierung, Nomex oder Glasfaser gefertigt, je nach der Gr\u00f6\u00dfe des Leiters und der Isolationsspannung. Die Wahl der Wicklung wird durch die beteiligten Spannungen und Str\u00f6men, durch die mechanischen und thermischen Beanspruchungen sowie durch spezifische Kundenw\u00fcnsche bestimmt.<br \/>\nF\u00fcr die Leistungstransformatoren werden die Wicklungen aus Scheiben gefertigt, deren Wicklung f\u00fcr die beteiligten Spannungen und Str\u00f6me geeignet sind. F\u00fcr h\u00f6here Str\u00f6me werden Wicklungen mit umgesetztem Kabel &#8230;<\/p>\n","protected":false},"author":1,"featured_media":0,"parent":386,"menu_order":2,"comment_status":"closed","ping_status":"closed","template":"template-full-width.php","meta":{"_bbp_topic_count":0,"_bbp_reply_count":0,"_bbp_total_topic_count":0,"_bbp_total_reply_count":0,"_bbp_voice_count":0,"_bbp_anonymous_reply_count":0,"_bbp_topic_count_hidden":0,"_bbp_reply_count_hidden":0,"_bbp_forum_subforum_count":0,"footnotes":""},"class_list":["post-390","page","type-page","status-publish","hentry"],"_links":{"self":[{"href":"https:\/\/www.ebgline.com\/de\/wp-json\/wp\/v2\/pages\/390","targetHints":{"allow":["GET"]}}],"collection":[{"href":"https:\/\/www.ebgline.com\/de\/wp-json\/wp\/v2\/pages"}],"about":[{"href":"https:\/\/www.ebgline.com\/de\/wp-json\/wp\/v2\/types\/page"}],"author":[{"embeddable":true,"href":"https:\/\/www.ebgline.com\/de\/wp-json\/wp\/v2\/users\/1"}],"replies":[{"embeddable":true,"href":"https:\/\/www.ebgline.com\/de\/wp-json\/wp\/v2\/comments?post=390"}],"version-history":[{"count":7,"href":"https:\/\/www.ebgline.com\/de\/wp-json\/wp\/v2\/pages\/390\/revisions"}],"predecessor-version":[{"id":1290,"href":"https:\/\/www.ebgline.com\/de\/wp-json\/wp\/v2\/pages\/390\/revisions\/1290"}],"up":[{"embeddable":true,"href":"https:\/\/www.ebgline.com\/de\/wp-json\/wp\/v2\/pages\/386"}],"wp:attachment":[{"href":"https:\/\/www.ebgline.com\/de\/wp-json\/wp\/v2\/media?parent=390"}],"curies":[{"name":"wp","href":"https:\/\/api.w.org\/{rel}","templated":true}]}}