{"id":384,"date":"2018-03-15T10:22:57","date_gmt":"2018-03-15T09:22:57","guid":{"rendered":"https:\/\/demo.infovi.digital\/ebg\/leistungen\/assistenza-e-installazione\/"},"modified":"2020-06-09T11:47:28","modified_gmt":"2020-06-09T09:47:28","slug":"kundendienst-und-installation","status":"publish","type":"page","link":"https:\/\/www.ebgline.com\/de\/leistungen\/kundendienst-und-installation\/","title":{"rendered":"Kundendienst und Installation"},"content":{"rendered":"[vc_row][vc_column][vc_column_text]<img decoding=\"async\" src=\"https:\/\/www.ebgline.com\/wp-content\/uploads\/2013\/01\/Servizio-post-vendita-922x201.jpg\" alt=\"Servizio post-vendita EBG, assistenza, installazione trasformatori\" \/><\/p>\n<h1>Kundendienst und Installation<\/h1>\n<div class=\"hr\"><\/div>\n<p>EBG bietet seinen Kunden <strong>nach der Lieferung einen\u00a0Kundendienst<\/strong> an.<br \/>\nEBG steht jederzeit f\u00fcr\u00a0<strong>telefonische und technische Unterst\u00fctzung vor Ort<\/strong> zur Verf\u00fcgung und garantiert einen sofortigen Service.<br \/>\nAm Installationsort sind wir in der Lage, Ma\u00df- aber auch elektrische Pr\u00fcfungen durchzuf\u00fchren, wie z.B.: Polarit\u00e4t, Pr\u00fcfung des Wicklungsverh\u00e4ltnisses, Isolationspr\u00fcfungen der Wicklungen und des Schirms, Funktionspr\u00fcfung des Zubeh\u00f6rs, \u00dcberpr\u00fcfung derBel\u00fcftung und\u00a0Durchl\u00fcftung der R\u00e4ume\u00a0gem\u00e4\u00df den geltenden Vorschriften. Dar\u00fcber hinaus k\u00f6nnen wir auch au\u00dfergew\u00f6hnliche Eingriffe vornehmen, wie den Austausch von Dichtungen des Tanks und der Zubeh\u00f6rteile der \u00d6ltransformatoren, den Austausch der Wicklungen der Trockentransformatoren, den Austausch aller Zubeh\u00f6rteile, das Zusammenbauen von Schutzgeh\u00e4usen, die Installation von L\u00fcftern, die Reparatur der \u00d6ltanks und Radiatoren und vieles mehr.[\/vc_column_text][\/vc_column][\/vc_row]\n","protected":false},"excerpt":{"rendered":"<p>[vc_row][vc_column][vc_column_text]<br \/>\nKundendienst und Installation<\/p>\n<p>EBG bietet seinen Kunden nach der Lieferung einen\u00a0Kundendienst an.<br \/>\nEBG steht jederzeit f\u00fcr\u00a0telefonische und technische Unterst\u00fctzung vor Ort zur Verf\u00fcgung und garantiert einen sofortigen Service.<br \/>\nAm Installationsort sind wir in der Lage, Ma\u00df- aber auch elektrische Pr\u00fcfungen durchzuf\u00fchren, wie z.B.: Polarit\u00e4t, Pr\u00fcfung des Wicklungsverh\u00e4ltnisses, Isolationspr\u00fcfungen der Wicklungen und des Schirms, Funktionspr\u00fcfung des Zubeh\u00f6rs, \u00dcberpr\u00fcfung derBel\u00fcftung und\u00a0Durchl\u00fcftung der R\u00e4ume\u00a0gem\u00e4\u00df den geltenden Vorschriften. Dar\u00fcber hinaus k\u00f6nnen wir auch au\u00dfergew\u00f6hnliche Eingriffe vornehmen, wie den Austausch von Dichtungen des &#8230;<\/p>\n","protected":false},"author":1,"featured_media":0,"parent":378,"menu_order":3,"comment_status":"closed","ping_status":"closed","template":"template-full-width.php","meta":{"_bbp_topic_count":0,"_bbp_reply_count":0,"_bbp_total_topic_count":0,"_bbp_total_reply_count":0,"_bbp_voice_count":0,"_bbp_anonymous_reply_count":0,"_bbp_topic_count_hidden":0,"_bbp_reply_count_hidden":0,"_bbp_forum_subforum_count":0,"footnotes":""},"class_list":["post-384","page","type-page","status-publish","hentry"],"_links":{"self":[{"href":"https:\/\/www.ebgline.com\/de\/wp-json\/wp\/v2\/pages\/384","targetHints":{"allow":["GET"]}}],"collection":[{"href":"https:\/\/www.ebgline.com\/de\/wp-json\/wp\/v2\/pages"}],"about":[{"href":"https:\/\/www.ebgline.com\/de\/wp-json\/wp\/v2\/types\/page"}],"author":[{"embeddable":true,"href":"https:\/\/www.ebgline.com\/de\/wp-json\/wp\/v2\/users\/1"}],"replies":[{"embeddable":true,"href":"https:\/\/www.ebgline.com\/de\/wp-json\/wp\/v2\/comments?post=384"}],"version-history":[{"count":5,"href":"https:\/\/www.ebgline.com\/de\/wp-json\/wp\/v2\/pages\/384\/revisions"}],"predecessor-version":[{"id":829,"href":"https:\/\/www.ebgline.com\/de\/wp-json\/wp\/v2\/pages\/384\/revisions\/829"}],"up":[{"embeddable":true,"href":"https:\/\/www.ebgline.com\/de\/wp-json\/wp\/v2\/pages\/378"}],"wp:attachment":[{"href":"https:\/\/www.ebgline.com\/de\/wp-json\/wp\/v2\/media?parent=384"}],"curies":[{"name":"wp","href":"https:\/\/api.w.org\/{rel}","templated":true}]}}