{"id":382,"date":"2018-03-15T10:22:32","date_gmt":"2018-03-15T09:22:32","guid":{"rendered":"https:\/\/demo.infovi.digital\/ebg\/leistungen\/processo-produttivo\/"},"modified":"2020-06-12T09:10:10","modified_gmt":"2020-06-12T07:10:10","slug":"produktionsprozess","status":"publish","type":"page","link":"https:\/\/www.ebgline.com\/de\/leistungen\/produktionsprozess\/","title":{"rendered":"Produktionsprozess"},"content":{"rendered":"[vc_row][vc_column width=&#8220;1\/2&#8243;][vc_column_text]\n<h1>Produktionsprozess<\/h1>\n<p>Das Fertigungslayout wurde in beiden Werken so konzipiert, dass indirekte Zeiten\u00a0vom Handling der Materialien bis hin zum Endprodukt mit genau bestimmten Prozessbereichen w\u00e4hrend des gesamten Zyklus auf ein Minimum reduziert werden.<\/p>\n<p>Jeder Arbeitsplatz ist mit einem Turm zur Erfassung der Zeiten, aber auch f\u00fcr das Be-\/Entladen von in einem Arbeitsauftrag verwendeten Materialien durch Lesen eines Barcodes ausgestattet. Der Stand einer Bestellung, sowie das Lager selbst, werden zeitnah verwaltet.<\/p>\n<p>Der Metallbau verf\u00fcgt \u00fcber eine automatische Laserschneidemaschine mit automatisierter Blechlagerung, Pressbiegemaschinen mit 5-Achsen-Steuerung, 8 Schwei\u00dfstationen und eine Anlage f\u00fcr die Behandlung von Blechen und somit einer hochmodernen Lackierung.<br \/>\nDie Maschinen f\u00fcr die Herstellung der Wicklungen sind\u00a0sind neu gebaut\u00a0und erm\u00f6glichen die Fernbedienung, gleichbedeutend mit Pr\u00e4zision, Qualit\u00e4t und Geschwindigkeit. Die Anlagen zum Entgasen des \u00d6ls zum Impr\u00e4gnieren der Wicklungen oder des aktiven Teils des Transformators unter Vakuum sind automatisiert\u00a0und werden\u00a0von einem Computer gesteuert.<\/p>\n<p>Aus industrieller Sicht wird nichts dem Zufall \u00fcberlassen.[\/vc_column_text][vc_gallery interval=&#8220;5&#8243; images=&#8220;930,933,942,954,966,951,960,957,972,945&#8243; img_size=&#8220;1600&#215;900&#8243;][\/vc_column][vc_column width=&#8220;1\/2&#8243;][vc_column_text]\n<h1>\u00dcberpr\u00fcfungstests, Messungen und Pr\u00fcfungen<\/h1>\n<p>Der Pr\u00fcfraum ist mit\u00a0Instrumenten ausgestattet, die in externen Werkst\u00e4tten kalibriert und zertifiziert wurden.<br \/>\nEBG ist in der Lage, intern <strong>alle routinem\u00e4\u00dfigen Pr\u00fcfungen<\/strong> durchf\u00fchren: Gruppen- und Polarit\u00e4tsmessung, Verh\u00e4ltnispr\u00fcfung, induzierte und angewandte Isolationspr\u00fcfung, Verlust- und Leerlaufstrommessung, Kurzschlussverlust und Kurzschlussimpedanzmessung, Teilentladungen sowohl f\u00fcr das \u00d6l- als auch f\u00fcr das Trockenprodukt.\u00a0Dar\u00fcber hinaus k\u00f6nnen wir <strong>Typ- und Spezialpr\u00fcfungen durchf\u00fchre<\/strong>n, wie z.B.:\u00a0 Impulstests, thermische Pr\u00fcfungen, Ger\u00e4uschentwicklungstest, Tan Delta, Resonanz, Kapazit\u00e4tsmessung, homopolare Impedanz. SFRA.<\/p>\n<p>In dem Bereich, in dem die Messungen und Versuche durchgef\u00fchrt werden, k\u00f6nnen auch alle Pr\u00fcfungen vorgenommen werden, die f\u00fcr die Zertifizierung des Produkts mit einer externen Stelle f\u00fcr eine besondere Anwendung, f\u00fcr eine spezielle Installation oder zur Einhaltung der Vorschriften des Bestimmungslandes erforderlich sind.<\/p>\n<h1><\/h1>\n<p>&nbsp;<\/p>\n<p>&nbsp;[\/vc_column_text][vc_gallery interval=&#8220;5&#8243; images=&#8220;948,939,963,969&#8243; img_size=&#8220;1600&#215;900&#8243;][\/vc_column][\/vc_row]\n","protected":false},"excerpt":{"rendered":"<p>[vc_row][vc_column width=&#8220;1\/2&#8243;][vc_column_text]<br \/>\nProduktionsprozess<br \/>\nDas Fertigungslayout wurde in beiden Werken so konzipiert, dass indirekte Zeiten\u00a0vom Handling der Materialien bis hin zum Endprodukt mit genau bestimmten Prozessbereichen w\u00e4hrend des gesamten Zyklus auf ein Minimum reduziert werden.<br \/>\nJeder Arbeitsplatz ist mit einem Turm zur Erfassung der Zeiten, aber auch f\u00fcr das Be-\/Entladen von in einem Arbeitsauftrag verwendeten Materialien durch Lesen eines Barcodes ausgestattet. Der Stand einer Bestellung, sowie das Lager selbst, werden zeitnah verwaltet.<br \/>\nDer Metallbau verf\u00fcgt \u00fcber eine automatische Laserschneidemaschine mit automatisierter &#8230;<\/p>\n","protected":false},"author":1,"featured_media":0,"parent":378,"menu_order":2,"comment_status":"closed","ping_status":"closed","template":"template-full-width.php","meta":{"_bbp_topic_count":0,"_bbp_reply_count":0,"_bbp_total_topic_count":0,"_bbp_total_reply_count":0,"_bbp_voice_count":0,"_bbp_anonymous_reply_count":0,"_bbp_topic_count_hidden":0,"_bbp_reply_count_hidden":0,"_bbp_forum_subforum_count":0,"footnotes":""},"class_list":["post-382","page","type-page","status-publish","hentry"],"_links":{"self":[{"href":"https:\/\/www.ebgline.com\/de\/wp-json\/wp\/v2\/pages\/382","targetHints":{"allow":["GET"]}}],"collection":[{"href":"https:\/\/www.ebgline.com\/de\/wp-json\/wp\/v2\/pages"}],"about":[{"href":"https:\/\/www.ebgline.com\/de\/wp-json\/wp\/v2\/types\/page"}],"author":[{"embeddable":true,"href":"https:\/\/www.ebgline.com\/de\/wp-json\/wp\/v2\/users\/1"}],"replies":[{"embeddable":true,"href":"https:\/\/www.ebgline.com\/de\/wp-json\/wp\/v2\/comments?post=382"}],"version-history":[{"count":9,"href":"https:\/\/www.ebgline.com\/de\/wp-json\/wp\/v2\/pages\/382\/revisions"}],"predecessor-version":[{"id":983,"href":"https:\/\/www.ebgline.com\/de\/wp-json\/wp\/v2\/pages\/382\/revisions\/983"}],"up":[{"embeddable":true,"href":"https:\/\/www.ebgline.com\/de\/wp-json\/wp\/v2\/pages\/378"}],"wp:attachment":[{"href":"https:\/\/www.ebgline.com\/de\/wp-json\/wp\/v2\/media?parent=382"}],"curies":[{"name":"wp","href":"https:\/\/api.w.org\/{rel}","templated":true}]}}