{"id":380,"date":"2018-03-15T10:22:09","date_gmt":"2018-03-15T09:22:09","guid":{"rendered":"https:\/\/demo.infovi.digital\/ebg\/leistungen\/progettazione-design\/"},"modified":"2020-06-09T10:50:24","modified_gmt":"2020-06-09T08:50:24","slug":"planung-design","status":"publish","type":"page","link":"https:\/\/www.ebgline.com\/de\/leistungen\/planung-design\/","title":{"rendered":"Engineering &#038; Design"},"content":{"rendered":"[vc_row][vc_column][vc_column_text]<img decoding=\"async\" src=\"https:\/\/www.ebgline.com\/wp-content\/uploads\/2013\/05\/progettazione-trasformatori-922x201.jpg\" alt=\"Servizio post-vendita EBG, assistenza, installazione trasformatori\" \/><\/p>\n<h1>Engineering &amp; Design<\/h1>\n<div class=\"hr\"><\/div>\n<p>Die gesamte elektrische und mechanische Planung erfolgt intern, dank eines hochprofessionellen Teams von Ingenieuren und Konstrukteuren.<\/p>\n<p>EBG fertigt Standard-Produkte, aber was uns von unseren Mitbewerbern unterscheidet, ist unsere Wettbewerbsf\u00e4higkeit f\u00fcr das Spezialprodukt. Die Gr\u00f6\u00dfe unseres Unternehmens erm\u00f6glicht es uns, ein kundenspezifisches Produkt zu entwickeln und zu fertigen und dabei die Prozesskosten auf ein Minimum zu beschr\u00e4nken.<br \/>\nEBG nutzt eine leistungsstarke und effiziente Berechnungs-, Programmier- und Entwicklungssoftware, die in der Lage ist, die gesamte Dokumentation auszuarbeiten und zu erstellen, vom optimierten elektrischen Projekt mit Angabe von Gewichten, Ma\u00dfen und Verlusten \u00fcber die technische 3D-Zeichnung der einzelnen Komponenten bis hin zum Gesamtlayout.[\/vc_column_text][\/vc_column][\/vc_row]\n","protected":false},"excerpt":{"rendered":"<p>[vc_row][vc_column][vc_column_text]<br \/>\nEngineering &amp; Design<\/p>\n<p>Die gesamte elektrische und mechanische Planung erfolgt intern, dank eines hochprofessionellen Teams von Ingenieuren und Konstrukteuren.<br \/>\nEBG fertigt Standard-Produkte, aber was uns von unseren Mitbewerbern unterscheidet, ist unsere Wettbewerbsf\u00e4higkeit f\u00fcr das Spezialprodukt. Die Gr\u00f6\u00dfe unseres Unternehmens erm\u00f6glicht es uns, ein kundenspezifisches Produkt zu entwickeln und zu fertigen und dabei die Prozesskosten auf ein Minimum zu beschr\u00e4nken.<br \/>\nEBG nutzt eine leistungsstarke und effiziente Berechnungs-, Programmier- und Entwicklungssoftware, die in der Lage ist, die gesamte Dokumentation auszuarbeiten &#8230;<\/p>\n","protected":false},"author":1,"featured_media":0,"parent":378,"menu_order":1,"comment_status":"closed","ping_status":"closed","template":"template-full-width.php","meta":{"_bbp_topic_count":0,"_bbp_reply_count":0,"_bbp_total_topic_count":0,"_bbp_total_reply_count":0,"_bbp_voice_count":0,"_bbp_anonymous_reply_count":0,"_bbp_topic_count_hidden":0,"_bbp_reply_count_hidden":0,"_bbp_forum_subforum_count":0,"footnotes":""},"class_list":["post-380","page","type-page","status-publish","hentry"],"_links":{"self":[{"href":"https:\/\/www.ebgline.com\/de\/wp-json\/wp\/v2\/pages\/380","targetHints":{"allow":["GET"]}}],"collection":[{"href":"https:\/\/www.ebgline.com\/de\/wp-json\/wp\/v2\/pages"}],"about":[{"href":"https:\/\/www.ebgline.com\/de\/wp-json\/wp\/v2\/types\/page"}],"author":[{"embeddable":true,"href":"https:\/\/www.ebgline.com\/de\/wp-json\/wp\/v2\/users\/1"}],"replies":[{"embeddable":true,"href":"https:\/\/www.ebgline.com\/de\/wp-json\/wp\/v2\/comments?post=380"}],"version-history":[{"count":4,"href":"https:\/\/www.ebgline.com\/de\/wp-json\/wp\/v2\/pages\/380\/revisions"}],"predecessor-version":[{"id":827,"href":"https:\/\/www.ebgline.com\/de\/wp-json\/wp\/v2\/pages\/380\/revisions\/827"}],"up":[{"embeddable":true,"href":"https:\/\/www.ebgline.com\/de\/wp-json\/wp\/v2\/pages\/378"}],"wp:attachment":[{"href":"https:\/\/www.ebgline.com\/de\/wp-json\/wp\/v2\/media?parent=380"}],"curies":[{"name":"wp","href":"https:\/\/api.w.org\/{rel}","templated":true}]}}