{"id":376,"date":"2018-03-15T10:21:40","date_gmt":"2018-03-15T09:21:40","guid":{"rendered":"https:\/\/demo.infovi.digital\/ebg\/das-unternehmen\/qualita-e-ambiente\/"},"modified":"2020-07-03T15:15:28","modified_gmt":"2020-07-03T13:15:28","slug":"qualitat-und-umwelt","status":"publish","type":"page","link":"https:\/\/www.ebgline.com\/de\/das-unternehmen\/qualitat-und-umwelt\/","title":{"rendered":"Qualit\u00e4t und Umwelt"},"content":{"rendered":"[vc_row][vc_column][vc_column_text]\n<div class=\"one_half\">\n<h1><img decoding=\"async\" src=\"https:\/\/www.ebgline.com\/wp-content\/uploads\/2013\/02\/qualita-ambiente-ebg-437x234.jpg\" alt=\"Qualit\u00e0 e ambiente\" \/><\/p>\n<h1>\n<h1>Qualit\u00e4t, Umwelt und Sicherheit<\/h1>\n<h1><\/h1>\n<p>EBG ist nach <strong>ISO 9001, ISO 14001<\/strong> zertifiziert und nach <strong>ISO 45001<\/strong> in Vorbereitung.<\/p>\n<p>Die gesamte Fertigung erfolgt unter sorgf\u00e4ltiger\u00a0Kontrolle der\u00a0 eingehenden Materialien, Prozesskontrollen im Fertigungszyklus\u00a0bis hin zur\u00a0Abnahmepr\u00fcfung\u00a0des Produkts.<br \/>\nJede Phase des Prozesses, von der Entwicklung bis zur Fertigung des Produkts, erfolgt unter Ber\u00fccksichtigung der Umwelt und der Personen, mit gr\u00f6\u00dfter Aufmerksamkeit und Sorgfalt f\u00fcr die Sicherheit in den Fertigungsbereichen.<br \/>\nDas Unternehmen verf\u00fcgt \u00fcber ein <u>Organisationsmodell<\/u> gem\u00e4\u00df dem Gesetzesdekret Nr. 231, und einem Aufsichtsgremium mit viertelj\u00e4hrlichem Audit.<\/p>\n<p>Jede Unternehmensfigur der Organisationsstruktur ist unter Einhaltung und Beachtung eines Ethikkodex t\u00e4tig, der f\u00fcr die gute Zusammenarbeit der Mitarbeiter entwickelt und individuell gestaltet wurde.<\/p>\n<\/div>\n<div class=\"one_half_last\">\n<h1><img decoding=\"async\" src=\"https:\/\/www.ebgline.com\/wp-content\/uploads\/2013\/02\/trasformatori-qualita-certificata-437x234.jpg\" alt=\"\" \/><\/p>\n<h1>\n<h1>Zertifizierungen<\/h1>\n<h1><\/h1>\n<p>EBG fertigt standardm\u00e4\u00dfige, aber vor allem spezielle Transformatoren und Drosseln, die den Bed\u00fcrfnissen der Kunden angepasst werden. F\u00fcr besondere Installationen und Anwendungen muss das Produkt von einer externen Stelle gepr\u00fcft und zertifiziert werden, die durch angemessene Pr\u00fcfungen des Prozesses, vom Erhalt des Materials bis hin zur Fertigung der Halberzeugnisse, die \u00dcbereinstimmung mit der Endabnahme in unserer Werkstatt f\u00fcr Messungen und Pr\u00fcfungen best\u00e4tigt.<br \/>\nUnsere gesamte Fertigung wird intern mit einer Abnahme in unserem Pr\u00fcfraum \u00fcberpr\u00fcft, der mit Instrumenten ausgestattet ist, die von externen Stellen zertifiziert wurden. Wir sind in der Lage alle routinem\u00e4\u00dfigen Pr\u00fcfungen, Typpr\u00fcfungen wie thermische Tests, Impulstests und spezielle Tests wie Ger\u00e4uschentwicklung, Magnetfeld\u00fcberpr\u00fcfung, Kapazit\u00e4tsmessung, SFRA, Tan-Delta-Messungen, homopolare Impedanz, usw. durchzuf\u00fchren.<\/p>\n<p>EBG verf\u00fcgt \u00fcber verschiedenen Produktzertifizierungen f\u00fcr spezielle Anwendungen und Installationen, wie z.B.: Offshore\/Onshore an Schiff, Hafen, \u00d6lplattformen (<strong>RINA, Lloyd Register, DNV, Bureau Veritas, sonstige)<\/strong>; Bergwerken mit anderen IPs bis IP54 und IP55 (T\u00dcV) und gem\u00e4\u00df besonderen Spezifikationen; Erdbebenbest\u00e4ndigkeit bis 1g oder 7,3 auf der Richterskala oder X auf der Mercalli-Skala (GOST, IEEE); f\u00fcr explosionsf\u00e4hige Bereiche (ATEX);\u00a0 Windenergieanlagen am Boden oder auf einem Turm mit besonders starkem Vibrationsaufkommen (Gamesa\/Siemens).<\/p>\n<\/div>\n[\/vc_column_text][\/vc_column][\/vc_row]\n","protected":false},"excerpt":{"rendered":"<p>[vc_row][vc_column][vc_column_text]<\/p>\n<p>Qualit\u00e4t, Umwelt und Sicherheit<\/p>\n<p>EBG ist nach ISO 9001, ISO 14001 zertifiziert und nach ISO 45001 in Vorbereitung.<br \/>\nDie gesamte Fertigung erfolgt unter sorgf\u00e4ltiger\u00a0Kontrolle der\u00a0 eingehenden Materialien, Prozesskontrollen im Fertigungszyklus\u00a0bis hin zur\u00a0Abnahmepr\u00fcfung\u00a0des Produkts.<br \/>\nJede Phase des Prozesses, von der Entwicklung bis zur Fertigung des Produkts, erfolgt unter Ber\u00fccksichtigung der Umwelt und der Personen, mit gr\u00f6\u00dfter Aufmerksamkeit und Sorgfalt f\u00fcr die Sicherheit in den Fertigungsbereichen.<br \/>\nDas Unternehmen verf\u00fcgt \u00fcber ein Organisationsmodell gem\u00e4\u00df dem Gesetzesdekret Nr. 231, &#8230;<\/p>\n","protected":false},"author":1,"featured_media":0,"parent":370,"menu_order":3,"comment_status":"closed","ping_status":"closed","template":"template-full-width.php","meta":{"_bbp_topic_count":0,"_bbp_reply_count":0,"_bbp_total_topic_count":0,"_bbp_total_reply_count":0,"_bbp_voice_count":0,"_bbp_anonymous_reply_count":0,"_bbp_topic_count_hidden":0,"_bbp_reply_count_hidden":0,"_bbp_forum_subforum_count":0,"footnotes":""},"class_list":["post-376","page","type-page","status-publish","hentry"],"_links":{"self":[{"href":"https:\/\/www.ebgline.com\/de\/wp-json\/wp\/v2\/pages\/376","targetHints":{"allow":["GET"]}}],"collection":[{"href":"https:\/\/www.ebgline.com\/de\/wp-json\/wp\/v2\/pages"}],"about":[{"href":"https:\/\/www.ebgline.com\/de\/wp-json\/wp\/v2\/types\/page"}],"author":[{"embeddable":true,"href":"https:\/\/www.ebgline.com\/de\/wp-json\/wp\/v2\/users\/1"}],"replies":[{"embeddable":true,"href":"https:\/\/www.ebgline.com\/de\/wp-json\/wp\/v2\/comments?post=376"}],"version-history":[{"count":5,"href":"https:\/\/www.ebgline.com\/de\/wp-json\/wp\/v2\/pages\/376\/revisions"}],"predecessor-version":[{"id":1381,"href":"https:\/\/www.ebgline.com\/de\/wp-json\/wp\/v2\/pages\/376\/revisions\/1381"}],"up":[{"embeddable":true,"href":"https:\/\/www.ebgline.com\/de\/wp-json\/wp\/v2\/pages\/370"}],"wp:attachment":[{"href":"https:\/\/www.ebgline.com\/de\/wp-json\/wp\/v2\/media?parent=376"}],"curies":[{"name":"wp","href":"https:\/\/api.w.org\/{rel}","templated":true}]}}