{"id":374,"date":"2018-03-15T10:21:11","date_gmt":"2018-03-15T09:21:11","guid":{"rendered":"https:\/\/demo.infovi.digital\/ebg\/das-unternehmen\/ricerca-e-sviluppo\/"},"modified":"2020-07-03T14:22:21","modified_gmt":"2020-07-03T12:22:21","slug":"forschung-und-entwicklung-von-neuen-produkten","status":"publish","type":"page","link":"https:\/\/www.ebgline.com\/de\/das-unternehmen\/forschung-und-entwicklung-von-neuen-produkten\/","title":{"rendered":"Forschung und Entwicklung"},"content":{"rendered":"[vc_row][vc_column][vc_single_image image=&#8220;1369&#8243; img_size=&#8220;820&#215;312&#8243; alignment=&#8220;center&#8220;][vc_column_text]\n<h1>Forschung und Entwicklung<\/h1>\n<div class=\"hr\"><\/div>\n<p>EBG widmet einen Teil seiner Betriebsgewinnspanne der Forschung und Entwicklung neuer Konstruktionsl\u00f6sungen, Materialien, mit den besten Leistungen, Design und Optimierung des Endprodukts.\u00a0 Unsere technische Abteilung nimmt, zusammen mit unserer Werkstatt f\u00fcr interne Pr\u00fcfungen, aktiv an jedem neuen Verbesserungsprojekt teil.<\/p>\n<p>EBG ist im Gegensatz zu einigen Wettbewerbern in der Lage, ein Produkt von h\u00f6chster Qualit\u00e4t zu gew\u00e4hrleisten. Dank der get\u00e4tigten Investitionen haben wir wichtige und bedeutende Ergebnisse erzielt: besonderes Augenmerk wurde auf <strong>die\u00a0Au\u00dfenlackierung mit der neuen Lackieranlage f\u00fcr Klassen bis C5M und C5X<\/strong>\u00a0und auf die Leistung unseres Produkts unter\u00a0<strong>extremen klimatischen Bedingungen<\/strong>\u00a0gelegt, sowohl f\u00fcr das in additiviertem \u00d6l isolierte Produkt als auch f\u00fcr das Trockenprodukt bis zu Temperaturen von -40 \/ -60\u00b0C und\u00a0<strong>Erdbebenbest\u00e4ndigkeit<\/strong>\u00a0bis zu 1g (7,3 auf der Richterskala\/ 10 auf der Mercalli-Skala).<\/p>\n<p>&nbsp;[\/vc_column_text][\/vc_column][\/vc_row]\n","protected":false},"excerpt":{"rendered":"<p>[vc_row][vc_column][vc_single_image image=&#8220;1369&#8243; img_size=&#8220;820&#215;312&#8243; alignment=&#8220;center&#8220;][vc_column_text]<br \/>\nForschung und Entwicklung<\/p>\n<p>EBG widmet einen Teil seiner Betriebsgewinnspanne der Forschung und Entwicklung neuer Konstruktionsl\u00f6sungen, Materialien, mit den besten Leistungen, Design und Optimierung des Endprodukts.\u00a0 Unsere technische Abteilung nimmt, zusammen mit unserer Werkstatt f\u00fcr interne Pr\u00fcfungen, aktiv an jedem neuen Verbesserungsprojekt teil.<br \/>\nEBG ist im Gegensatz zu einigen Wettbewerbern in der Lage, ein Produkt von h\u00f6chster Qualit\u00e4t zu gew\u00e4hrleisten. Dank der get\u00e4tigten Investitionen haben wir wichtige und bedeutende Ergebnisse erzielt: besonderes Augenmerk wurde auf die\u00a0Au\u00dfenlackierung &#8230;<\/p>\n","protected":false},"author":1,"featured_media":0,"parent":370,"menu_order":2,"comment_status":"closed","ping_status":"closed","template":"template-full-width.php","meta":{"_bbp_topic_count":0,"_bbp_reply_count":0,"_bbp_total_topic_count":0,"_bbp_total_reply_count":0,"_bbp_voice_count":0,"_bbp_anonymous_reply_count":0,"_bbp_topic_count_hidden":0,"_bbp_reply_count_hidden":0,"_bbp_forum_subforum_count":0,"footnotes":""},"class_list":["post-374","page","type-page","status-publish","hentry"],"_links":{"self":[{"href":"https:\/\/www.ebgline.com\/de\/wp-json\/wp\/v2\/pages\/374","targetHints":{"allow":["GET"]}}],"collection":[{"href":"https:\/\/www.ebgline.com\/de\/wp-json\/wp\/v2\/pages"}],"about":[{"href":"https:\/\/www.ebgline.com\/de\/wp-json\/wp\/v2\/types\/page"}],"author":[{"embeddable":true,"href":"https:\/\/www.ebgline.com\/de\/wp-json\/wp\/v2\/users\/1"}],"replies":[{"embeddable":true,"href":"https:\/\/www.ebgline.com\/de\/wp-json\/wp\/v2\/comments?post=374"}],"version-history":[{"count":5,"href":"https:\/\/www.ebgline.com\/de\/wp-json\/wp\/v2\/pages\/374\/revisions"}],"predecessor-version":[{"id":1378,"href":"https:\/\/www.ebgline.com\/de\/wp-json\/wp\/v2\/pages\/374\/revisions\/1378"}],"up":[{"embeddable":true,"href":"https:\/\/www.ebgline.com\/de\/wp-json\/wp\/v2\/pages\/370"}],"wp:attachment":[{"href":"https:\/\/www.ebgline.com\/de\/wp-json\/wp\/v2\/media?parent=374"}],"curies":[{"name":"wp","href":"https:\/\/api.w.org\/{rel}","templated":true}]}}