{"id":372,"date":"2018-03-15T10:10:43","date_gmt":"2018-03-15T09:10:43","guid":{"rendered":"https:\/\/demo.infovi.digital\/ebg\/das-unternehmen\/profilo-aziendale\/"},"modified":"2020-07-03T15:28:56","modified_gmt":"2020-07-03T13:28:56","slug":"firmenprofil","status":"publish","type":"page","link":"https:\/\/www.ebgline.com\/de\/das-unternehmen\/firmenprofil\/","title":{"rendered":"Unsere Firma"},"content":{"rendered":"[vc_row][vc_column][vc_column_text]\n<div class=\"one_half\">\n<h1><img decoding=\"async\" src=\"https:\/\/www.ebgline.com\/wp-content\/uploads\/2012\/07\/EBG-stabile-437x234.jpg\" alt=\"\" \/><\/p>\n<h1>\n<h1>EBG: 25 Jahre Energie!<\/h1>\n<h1><\/h1>\n<p>EBG S.r.l. Ist ein Unternehmen, das auf die\u00a0Fertigung von\u00a0<strong>Gie\u00dfharz-, Trocken- und \u00d6ltransformatoren und -drosseln<\/strong>\u00a0von 50 kVA bis 10.000 kVA spezialisiert ist, mit einer Isolationsklasse von bis zu 52 kV f\u00fcr die Trockentechnologie und von 145 kV (BIL 650) f\u00fcr die \u00d6ltransformatoren.<\/p>\n<p>Das Unternehmen verf\u00fcgt \u00fcber eine wichtige und solide\u00a0Erfahrung\u00a0in der Branche. Die gesamte elektrische und mechanische Planung erfolgt intern, ebenso wie die Fertigung aller Komponenten und Bauteile des Transformators und der Drossel bis hin zur Abnahme im Pr\u00fcfraum.<\/p>\n<p>EBG bietet seinen Kunden auch eine gro\u00dfe Auswahl an\u00a0speziellen Transformatoren und Drosseln\u00a0wie z.B.: Scott-Transformatoren, Spartransformatoren, Konverter, Transformatoren f\u00fcr Industrie\u00f6fen, Erdungs- und Mehrspannungstransformatoren, wassergek\u00fchlte Transformatoren, Masttransformatoren, Kurzschlussdrosseln, Nullpunktbilder-Drosseln, Filter-Drosseln, Shunt-Drosseln, Abrichter, Entkupplungsdrosseln f\u00fcr interne und externe Anwendungen.<\/p>\n<\/div>\n<div class=\"one_half_last\">\n<h1><img decoding=\"async\" src=\"https:\/\/www.ebgline.com\/wp-content\/uploads\/2013\/02\/mission-EBG-437x234.jpg\" alt=\"\" \/><\/p>\n<h1>\n<h1>Ziel<\/h1>\n<h1><\/h1>\n<p>EBG S.r.l. ist ein italienisches Unternehmen, das auf die Fertigung von standardm\u00e4\u00dfigen Transformatoren und Drosseln f\u00fcr die Verteilung, aber auch auf spezielle und kundenspezifische Produkte f\u00fcr jede Art von Anwendung spezialisiert ist.<\/p>\n<p>Unser Wunsch ist es, den Bed\u00fcrfnissen des Kunden gr\u00f6\u00dfte Aufmerksamkeit zu widmen, um qualitativ hochwertige und wettbewerbsf\u00e4hige Produkte zu fertigen. Die gesammelten Erfahrungen erm\u00f6glichen es uns, innovative L\u00f6sungen vorzuschlagen, die unsere Wettbewerber aus Mangel an Kompetenz oder aus anderen Gr\u00fcnden nicht garantieren k\u00f6nnen oder wollen.<\/p>\n<\/div>\n[\/vc_column_text][\/vc_column][\/vc_row]\n","protected":false},"excerpt":{"rendered":"<p>[vc_row][vc_column][vc_column_text]<\/p>\n<p>EBG: 25 Jahre Energie!<\/p>\n<p>EBG S.r.l. Ist ein Unternehmen, das auf die\u00a0Fertigung von\u00a0Gie\u00dfharz-, Trocken- und \u00d6ltransformatoren und -drosseln\u00a0von 50 kVA bis 10.000 kVA spezialisiert ist, mit einer Isolationsklasse von bis zu 52 kV f\u00fcr die Trockentechnologie und von 145 kV (BIL 650) f\u00fcr die \u00d6ltransformatoren.<br \/>\nDas Unternehmen verf\u00fcgt \u00fcber eine wichtige und solide\u00a0Erfahrung\u00a0in der Branche. Die gesamte elektrische und mechanische Planung erfolgt intern, ebenso wie die Fertigung aller Komponenten und Bauteile des Transformators und der &#8230;<\/p>\n","protected":false},"author":1,"featured_media":0,"parent":370,"menu_order":1,"comment_status":"closed","ping_status":"closed","template":"template-full-width.php","meta":{"_bbp_topic_count":0,"_bbp_reply_count":0,"_bbp_total_topic_count":0,"_bbp_total_reply_count":0,"_bbp_voice_count":0,"_bbp_anonymous_reply_count":0,"_bbp_topic_count_hidden":0,"_bbp_reply_count_hidden":0,"_bbp_forum_subforum_count":0,"footnotes":""},"class_list":["post-372","page","type-page","status-publish","hentry"],"_links":{"self":[{"href":"https:\/\/www.ebgline.com\/de\/wp-json\/wp\/v2\/pages\/372","targetHints":{"allow":["GET"]}}],"collection":[{"href":"https:\/\/www.ebgline.com\/de\/wp-json\/wp\/v2\/pages"}],"about":[{"href":"https:\/\/www.ebgline.com\/de\/wp-json\/wp\/v2\/types\/page"}],"author":[{"embeddable":true,"href":"https:\/\/www.ebgline.com\/de\/wp-json\/wp\/v2\/users\/1"}],"replies":[{"embeddable":true,"href":"https:\/\/www.ebgline.com\/de\/wp-json\/wp\/v2\/comments?post=372"}],"version-history":[{"count":6,"href":"https:\/\/www.ebgline.com\/de\/wp-json\/wp\/v2\/pages\/372\/revisions"}],"predecessor-version":[{"id":1384,"href":"https:\/\/www.ebgline.com\/de\/wp-json\/wp\/v2\/pages\/372\/revisions\/1384"}],"up":[{"embeddable":true,"href":"https:\/\/www.ebgline.com\/de\/wp-json\/wp\/v2\/pages\/370"}],"wp:attachment":[{"href":"https:\/\/www.ebgline.com\/de\/wp-json\/wp\/v2\/media?parent=372"}],"curies":[{"name":"wp","href":"https:\/\/api.w.org\/{rel}","templated":true}]}}